{"id":1221,"date":"2020-10-11T16:03:58","date_gmt":"2020-10-11T19:03:58","guid":{"rendered":"https:\/\/ensaltagracia-cba.infd.edu.ar\/sitio\/?page_id=1221"},"modified":"2023-07-27T22:10:10","modified_gmt":"2023-07-28T01:10:10","slug":"profesorado-en-educacion-especial-con-orientacion-en-di","status":"publish","type":"page","link":"https:\/\/ensaltagracia-cba.infd.edu.ar\/sitio\/profesorado-en-educacion-especial-con-orientacion-en-di\/","title":{"rendered":"Profesorado en Educaci\u00f3n Especial con orientaci\u00f3n en DI"},"content":{"rendered":"<p><strong>Duraci\u00f3n:<\/strong> 4 a\u00f1os<\/p>\n<p><strong>Creaci\u00f3n: <\/strong>2017<\/p>\n<p><strong>Modalidad: <\/strong>presencial<\/p>\n<p><strong>Horario de cursada en la presencialidad:\u00a0<\/strong>Lunes a Viernes de 18:30 a 22:30 hs<\/p>\n<p><strong>T\u00edtulo otorgado: <\/strong>Profesor\/a de Educaci\u00f3n Especial con orientaci\u00f3n en discapacidad intelectual<\/p>\n<p><strong>Validez:<\/strong> nacional<\/p>\n<p><strong>Campo ocupacional:<\/strong> El Profesor en Educaci\u00f3n Especial puede participar en equipos multiprofesionales en la planificaci\u00f3n, conducci\u00f3n y evaluaci\u00f3n del proceso de ense\u00f1anza-aprendizaje de personas con necesidades educativas especiales en institutos especiales, como maestros de grado de ense\u00f1anza especial, o en la escuela com\u00fan, como maestros integradores, en los ciclos inicial, primario y secundario.<\/p>\n<p><strong>DISE\u00d1O CURRICULAR:<\/strong> <img decoding=\"async\" loading=\"lazy\" class=\"alignnone size-full wp-image-2003\" src=\"https:\/\/ensaltagracia-cba.infd.edu.ar\/sitio\/wp-content\/uploads\/2022\/06\/manito-copia.jpg\" alt=\"\" width=\"34\" height=\"30\" \/> \u00a0\u00a0<a href=\"https:\/\/ensaltagracia-cba.infd.edu.ar\/sitio\/wp-content\/uploads\/2023\/07\/DISENO-Profesorado_de_Educacion_Especial._2018.pdf\">DESCARGAR<\/a><\/p>\n","protected":false},"excerpt":{"rendered":"<p>Duraci\u00f3n: 4 a\u00f1os Creaci\u00f3n: 2017 Modalidad: presencial Horario de cursada en la presencialidad:\u00a0Lunes a Viernes de 18:30 a 22:30 hs T\u00edtulo otorgado: Profesor\/a de Educaci\u00f3n Especial con orientaci\u00f3n en discapacidad intelectual Validez: nacional Campo ocupacional: El Profesor en Educaci\u00f3n Especial puede participar en equipos multiprofesionales en la planificaci\u00f3n, conducci\u00f3n y evaluaci\u00f3n del proceso de ense\u00f1anza-aprendizaje &#8230; <a title=\"Profesorado en Educaci\u00f3n Especial con orientaci\u00f3n en DI\" class=\"read-more\" href=\"https:\/\/ensaltagracia-cba.infd.edu.ar\/sitio\/profesorado-en-educacion-especial-con-orientacion-en-di\/\" aria-label=\"More on Profesorado en Educaci\u00f3n Especial con orientaci\u00f3n en DI\">[+]<\/a><\/p>\n","protected":false},"author":518,"featured_media":0,"parent":0,"menu_order":0,"comment_status":"closed","ping_status":"closed","template":"","meta":[],"acf":[],"_links":{"self":[{"href":"https:\/\/ensaltagracia-cba.infd.edu.ar\/sitio\/wp-json\/wp\/v2\/pages\/1221"}],"collection":[{"href":"https:\/\/ensaltagracia-cba.infd.edu.ar\/sitio\/wp-json\/wp\/v2\/pages"}],"about":[{"href":"https:\/\/ensaltagracia-cba.infd.edu.ar\/sitio\/wp-json\/wp\/v2\/types\/page"}],"author":[{"embeddable":true,"href":"https:\/\/ensaltagracia-cba.infd.edu.ar\/sitio\/wp-json\/wp\/v2\/users\/518"}],"replies":[{"embeddable":true,"href":"https:\/\/ensaltagracia-cba.infd.edu.ar\/sitio\/wp-json\/wp\/v2\/comments?post=1221"}],"version-history":[{"count":5,"href":"https:\/\/ensaltagracia-cba.infd.edu.ar\/sitio\/wp-json\/wp\/v2\/pages\/1221\/revisions"}],"predecessor-version":[{"id":2283,"href":"https:\/\/ensaltagracia-cba.infd.edu.ar\/sitio\/wp-json\/wp\/v2\/pages\/1221\/revisions\/2283"}],"wp:attachment":[{"href":"https:\/\/ensaltagracia-cba.infd.edu.ar\/sitio\/wp-json\/wp\/v2\/media?parent=1221"}],"curies":[{"name":"wp","href":"https:\/\/api.w.org\/{rel}","templated":true}]}}