{"id":1238,"date":"2020-10-11T16:24:01","date_gmt":"2020-10-11T19:24:01","guid":{"rendered":"https:\/\/ensaltagracia-cba.infd.edu.ar\/sitio\/?page_id=1238"},"modified":"2024-02-01T14:58:02","modified_gmt":"2024-02-01T17:58:02","slug":"plan-de-estudio-pee","status":"publish","type":"page","link":"https:\/\/ensaltagracia-cba.infd.edu.ar\/sitio\/plan-de-estudio-pee\/","title":{"rendered":"Plan de estudio PEE"},"content":{"rendered":"<table width=\"1020\">\n<tbody>\n<tr>\n<td width=\"531\"><strong>Primer a\u00f1o<\/strong><\/td>\n<td width=\"287\"><strong>Formato curricular<\/strong><\/td>\n<td width=\"61\"><strong>Anual<\/strong><\/td>\n<td width=\"69\"><strong>1\u00ba cuat.<\/strong><\/td>\n<td width=\"72\"><strong>2<\/strong><strong><sup>o<\/sup><\/strong><strong>\u00a0cuat.<\/strong><\/td>\n<\/tr>\n<tr>\n<td width=\"531\">Pedagog\u00eda<\/td>\n<td width=\"287\">Asignatura<\/td>\n<td width=\"61\">\u2022<\/td>\n<td width=\"69\"><\/td>\n<td width=\"72\"><\/td>\n<\/tr>\n<tr>\n<td width=\"531\">Problem\u00e1ticas Socioantropol\u00f3gicas en Educaci\u00f3n<\/td>\n<td width=\"287\">Seminario<\/td>\n<td width=\"61\">\u2022<\/td>\n<td width=\"69\"><\/td>\n<td width=\"72\"><\/td>\n<\/tr>\n<tr>\n<td width=\"531\">Psicolog\u00eda y Educaci\u00f3n<\/td>\n<td width=\"287\">Asignatura<\/td>\n<td width=\"61\">\u2022<\/td>\n<td width=\"69\"><\/td>\n<td width=\"72\"><\/td>\n<\/tr>\n<tr>\n<td width=\"531\">Historia y Perspectivas de la Educaci\u00f3n Especial<\/td>\n<td width=\"287\">Asignatura<\/td>\n<td width=\"61\">\u2022<\/td>\n<td width=\"69\"><\/td>\n<td width=\"72\"><\/td>\n<\/tr>\n<tr>\n<td width=\"531\">Neuropsicolog\u00eda del Desarrollo<\/td>\n<td width=\"287\">Asignatura<\/td>\n<td width=\"61\">\u2022<\/td>\n<td width=\"69\"><\/td>\n<td width=\"72\"><\/td>\n<\/tr>\n<tr>\n<td width=\"531\">Lenguaje Corporal y Educaci\u00f3n Especial<\/td>\n<td width=\"287\">Taller<\/td>\n<td width=\"61\">\u2022<\/td>\n<td width=\"69\"><\/td>\n<td width=\"72\"><\/td>\n<\/tr>\n<tr>\n<td width=\"531\">Pr\u00e1ctica Docente I: Contextos y Pr\u00e1cticas Educativas<\/td>\n<td width=\"287\">Seminario \u2013 Taller Integrador<\/td>\n<td width=\"61\">\u2022<\/td>\n<td width=\"69\"><\/td>\n<td width=\"72\"><\/td>\n<\/tr>\n<tr>\n<td width=\"531\">Educaci\u00f3n Psicomotriz<\/td>\n<td width=\"287\">Asignatura<\/td>\n<td width=\"61\">\u2022<\/td>\n<td width=\"69\"><\/td>\n<td width=\"72\"><\/td>\n<\/tr>\n<tr>\n<td width=\"531\">Lectura y Escritura Acad\u00e9mica<\/td>\n<td width=\"287\">Taller<\/td>\n<td width=\"61\">\u2022<\/td>\n<td width=\"69\"><\/td>\n<td width=\"72\"><\/td>\n<\/tr>\n<tr>\n<td width=\"531\"><strong>Segundo a\u00f1o<\/strong><\/td>\n<td width=\"287\"><strong>Formato curricular<\/strong><\/td>\n<td width=\"61\"><strong>Anual<\/strong><\/td>\n<td width=\"69\"><strong>1<\/strong><strong><sup>\u00ba\u00a0<\/sup><\/strong><strong>cuat.<\/strong><\/td>\n<td width=\"72\"><strong>2<\/strong><strong><sup>o<\/sup><\/strong><strong>\u00a0cuat.<\/strong><\/td>\n<\/tr>\n<tr>\n<td width=\"531\">Filosof\u00eda y Educaci\u00f3n<\/td>\n<td width=\"287\">Asignatura<\/td>\n<td width=\"61\">\u2022<\/td>\n<td width=\"69\"><\/td>\n<td width=\"72\"><\/td>\n<\/tr>\n<tr>\n<td width=\"531\">Did\u00e1ctica General<\/td>\n<td width=\"287\">Asignatura<\/td>\n<td width=\"61\">\u2022<\/td>\n<td width=\"69\"><\/td>\n<td width=\"72\"><\/td>\n<\/tr>\n<tr>\n<td width=\"531\">Pr\u00e1ctica Docente II: Escuelas, Historias Documentadas y Cotidianeidad<\/td>\n<td width=\"287\">Seminario \u2013 Taller Integrador<\/td>\n<td width=\"61\">\u2022<\/td>\n<td width=\"69\"><\/td>\n<td width=\"72\"><\/td>\n<\/tr>\n<tr>\n<td width=\"531\">Matem\u00e1tica y su Did\u00e1ctica<\/td>\n<td width=\"287\">Asignatura<\/td>\n<td width=\"61\">\u2022<\/td>\n<td width=\"69\"><\/td>\n<td width=\"72\"><\/td>\n<\/tr>\n<tr>\n<td width=\"531\">Lengua, Literatura y su Did\u00e1ctica<\/td>\n<td width=\"287\">Asignatura<\/td>\n<td width=\"61\">\u00a0\u2022<\/td>\n<td width=\"69\"><\/td>\n<td width=\"72\"><\/td>\n<\/tr>\n<tr>\n<td width=\"531\">Alfabetizaci\u00f3n Inicial y Discapacidad Intelectual<\/td>\n<td width=\"287\">Seminario<\/td>\n<td width=\"61\">\u00a0\u2022<\/td>\n<td width=\"69\"><\/td>\n<td width=\"72\"><\/td>\n<\/tr>\n<tr>\n<td width=\"531\">Educaci\u00f3n Inicial y Discapacidad Intelectual<\/td>\n<td width=\"287\">Asignatura<\/td>\n<td width=\"61\">\u2022<\/td>\n<td width=\"69\"><\/td>\n<td width=\"72\"><\/td>\n<\/tr>\n<tr>\n<td width=\"531\">Sujetos de la Educaci\u00f3n Especial<\/td>\n<td width=\"287\">Seminario<\/td>\n<td width=\"61\">\u00a0\u2022<\/td>\n<td width=\"69\"><\/td>\n<td width=\"72\"><\/td>\n<\/tr>\n<tr>\n<td width=\"531\">Educaci\u00f3n Art\u00edstico Expresiva<\/td>\n<td width=\"287\">Taller<\/td>\n<td width=\"61\">\u2022<\/td>\n<td width=\"69\"><\/td>\n<td width=\"72\"><\/td>\n<\/tr>\n<tr>\n<td width=\"531\">Trastornos del Desarrollo en Sujetos con Discapacidad Intelectual<\/td>\n<td width=\"287\">Seminario<\/td>\n<td width=\"61\">\u2022<\/td>\n<td width=\"69\"><\/td>\n<td width=\"72\"><\/td>\n<\/tr>\n<tr>\n<td width=\"531\"><strong>Tercer A\u00f1o<\/strong><\/td>\n<td width=\"287\"><strong>Formato curricular<\/strong><\/td>\n<td width=\"61\"><strong>Anual<\/strong><\/td>\n<td width=\"69\"><strong>1<\/strong><strong><sup>\u00ba\u00a0<\/sup><\/strong><strong>cuat.<\/strong><\/td>\n<td width=\"72\"><strong>2<\/strong><strong><sup>o\u00a0<\/sup><\/strong><strong>cuat.<\/strong><\/td>\n<\/tr>\n<tr>\n<td width=\"531\">Historia y Pol\u00edtica de la Educaci\u00f3n Argentina<\/td>\n<td width=\"287\">Asignatura<\/td>\n<td width=\"61\">\u2022<\/td>\n<td width=\"69\"><\/td>\n<td width=\"72\"><\/td>\n<\/tr>\n<tr>\n<td width=\"531\">Pr\u00e1ctica Docente III: El Aula, Espacio del Aprender y del Ense\u00f1ar<\/td>\n<td width=\"287\">Seminario \u2013 Taller Integrador<\/td>\n<td width=\"61\">\u2022<\/td>\n<td width=\"69\"><\/td>\n<td width=\"72\"><\/td>\n<\/tr>\n<tr>\n<td width=\"531\">Multidiscapacidad<\/td>\n<td width=\"287\">Seminario<\/td>\n<td width=\"61\">\u2022<\/td>\n<td width=\"69\"><\/td>\n<td width=\"72\"><\/td>\n<\/tr>\n<tr>\n<td width=\"531\">Abordajes Pedag\u00f3gicos en Sujetos con Discapacidad Intelectual<\/td>\n<td width=\"287\">Asignatura<\/td>\n<td width=\"61\">\u2022<\/td>\n<td width=\"69\"><\/td>\n<td width=\"72\"><\/td>\n<\/tr>\n<tr>\n<td width=\"531\">Ciencias Sociales y su Did\u00e1ctica<\/td>\n<td width=\"287\">Asignatura<\/td>\n<td width=\"61\">\u2022<\/td>\n<td width=\"69\"><\/td>\n<td width=\"72\"><\/td>\n<\/tr>\n<tr>\n<td width=\"531\">Ciencias Naturales y su Did\u00e1ctica<\/td>\n<td width=\"287\">Asignatura<\/td>\n<td width=\"61\">\u2022<\/td>\n<td width=\"69\"><\/td>\n<td width=\"72\"><\/td>\n<\/tr>\n<tr>\n<td width=\"531\">Problem\u00e1ticas de la Discapacidad y Subjetividad<\/td>\n<td width=\"287\">Seminario<\/td>\n<td width=\"61\">\u00a0\u2022<\/td>\n<td width=\"69\"><\/td>\n<td width=\"72\"><\/td>\n<\/tr>\n<tr>\n<td width=\"531\">Comunicaci\u00f3n y Trastornos del Lenguaje en Discapacidad Intelectual<\/td>\n<td width=\"287\">Seminario<\/td>\n<td width=\"61\">\u2022<\/td>\n<td width=\"69\"><\/td>\n<td width=\"72\"><\/td>\n<\/tr>\n<tr>\n<td width=\"531\">TIC y su ense\u00f1anza en Discapacidad Intelectual<\/td>\n<td width=\"287\">Taller<\/td>\n<td width=\"61\">\u2022<\/td>\n<td width=\"69\"><\/td>\n<td width=\"72\"><\/td>\n<\/tr>\n<tr>\n<td width=\"531\">UDI I: Educaci\u00f3n Temprana<\/td>\n<td width=\"287\">Taller<\/td>\n<td width=\"61\">\u00b7<\/td>\n<td width=\"69\"><\/td>\n<td width=\"72\"><\/td>\n<\/tr>\n<tr>\n<td width=\"531\"><strong>Cuarto A\u00f1o<\/strong><\/td>\n<td width=\"287\"><strong>Formato curricular<\/strong><\/td>\n<td width=\"61\"><strong>Anual<\/strong><\/td>\n<td width=\"69\"><strong>1<\/strong><strong><sup>\u00ba\u00a0<\/sup><\/strong><strong>cuat<\/strong><\/td>\n<td width=\"72\"><strong>2<\/strong><strong><sup>\u00ba\u00a0<\/sup><\/strong><strong>cuat<\/strong><\/td>\n<\/tr>\n<tr>\n<td width=\"531\">\u00c9tica y Construcci\u00f3n de Ciudadan\u00eda<\/td>\n<td width=\"287\">Asignatura<\/td>\n<td width=\"61\">\u2022<\/td>\n<td width=\"69\"><\/td>\n<td width=\"72\"><\/td>\n<\/tr>\n<tr>\n<td width=\"531\">Pr\u00e1ctica Docente IV: <span class=\"OYPEnA text-decoration-none text-strikethrough-none\">Residencia y Ateneos sobre Abordajes Pedag\u00f3gicos Complejos<\/span><\/td>\n<td width=\"287\">Seminario \u2013 Ateneo y tutor\u00eda<\/td>\n<td width=\"61\">\u2022<\/td>\n<td width=\"69\"><\/td>\n<td width=\"72\"><\/td>\n<\/tr>\n<tr>\n<td width=\"531\">Perspectivas Sociopol\u00edticas de la Discapacidad<\/td>\n<td width=\"287\">Seminario<\/td>\n<td width=\"61\">\u2022<\/td>\n<td width=\"69\"><\/td>\n<td width=\"72\"><\/td>\n<\/tr>\n<tr>\n<td width=\"531\">Trayectorias Educativas Integradas<\/td>\n<td width=\"287\">Seminario<\/td>\n<td width=\"61\">\u2022<\/td>\n<td width=\"69\"><\/td>\n<td width=\"72\"><\/td>\n<\/tr>\n<tr>\n<td width=\"531\">Trabajo Integrado con Familia y Comunidad<\/td>\n<td width=\"287\">Seminario<\/td>\n<td width=\"61\">\u2022<\/td>\n<td width=\"69\"><\/td>\n<td width=\"72\"><\/td>\n<\/tr>\n<tr>\n<td width=\"531\">Investigaci\u00f3n en Educaci\u00f3n Especial<\/td>\n<td width=\"287\">Seminario<\/td>\n<td width=\"61\">\u2022<\/td>\n<td width=\"69\"><\/td>\n<td width=\"72\"><\/td>\n<\/tr>\n<tr>\n<td width=\"531\">Educaci\u00f3n del Adulto y Formaci\u00f3n Laboral en Discapacidad Intelectual<\/td>\n<td width=\"287\">Seminario<\/td>\n<td width=\"61\">\u2022<\/td>\n<td width=\"69\"><\/td>\n<td width=\"72\"><\/td>\n<\/tr>\n<tr>\n<td width=\"531\">Educaci\u00f3n Sexual Integral<\/td>\n<td width=\"287\">Seminario<\/td>\n<td width=\"61\">\u2022<\/td>\n<td width=\"69\"><\/td>\n<td width=\"72\"><\/td>\n<\/tr>\n<tr>\n<td width=\"531\">UDI II: Lenguajes Alternativos<\/td>\n<td width=\"287\">Taller<\/td>\n<td width=\"61\">\u2022<\/td>\n<td width=\"69\"><\/td>\n<td width=\"72\"><\/td>\n<\/tr>\n<\/tbody>\n<\/table>\n","protected":false},"excerpt":{"rendered":"<p>Primer a\u00f1o Formato curricular Anual 1\u00ba cuat. 2o\u00a0cuat. Pedagog\u00eda Asignatura \u2022 Problem\u00e1ticas Socioantropol\u00f3gicas en Educaci\u00f3n Seminario \u2022 Psicolog\u00eda y Educaci\u00f3n Asignatura \u2022 Historia y Perspectivas de la Educaci\u00f3n Especial Asignatura \u2022 Neuropsicolog\u00eda del Desarrollo Asignatura \u2022 Lenguaje Corporal y Educaci\u00f3n Especial Taller \u2022 Pr\u00e1ctica Docente I: Contextos y Pr\u00e1cticas Educativas Seminario \u2013 Taller Integrador \u2022 &#8230; <a title=\"Plan de estudio PEE\" class=\"read-more\" href=\"https:\/\/ensaltagracia-cba.infd.edu.ar\/sitio\/plan-de-estudio-pee\/\" aria-label=\"More on Plan de estudio PEE\">[+]<\/a><\/p>\n","protected":false},"author":518,"featured_media":0,"parent":0,"menu_order":0,"comment_status":"closed","ping_status":"closed","template":"","meta":[],"acf":[],"_links":{"self":[{"href":"https:\/\/ensaltagracia-cba.infd.edu.ar\/sitio\/wp-json\/wp\/v2\/pages\/1238"}],"collection":[{"href":"https:\/\/ensaltagracia-cba.infd.edu.ar\/sitio\/wp-json\/wp\/v2\/pages"}],"about":[{"href":"https:\/\/ensaltagracia-cba.infd.edu.ar\/sitio\/wp-json\/wp\/v2\/types\/page"}],"author":[{"embeddable":true,"href":"https:\/\/ensaltagracia-cba.infd.edu.ar\/sitio\/wp-json\/wp\/v2\/users\/518"}],"replies":[{"embeddable":true,"href":"https:\/\/ensaltagracia-cba.infd.edu.ar\/sitio\/wp-json\/wp\/v2\/comments?post=1238"}],"version-history":[{"count":3,"href":"https:\/\/ensaltagracia-cba.infd.edu.ar\/sitio\/wp-json\/wp\/v2\/pages\/1238\/revisions"}],"predecessor-version":[{"id":2364,"href":"https:\/\/ensaltagracia-cba.infd.edu.ar\/sitio\/wp-json\/wp\/v2\/pages\/1238\/revisions\/2364"}],"wp:attachment":[{"href":"https:\/\/ensaltagracia-cba.infd.edu.ar\/sitio\/wp-json\/wp\/v2\/media?parent=1238"}],"curies":[{"name":"wp","href":"https:\/\/api.w.org\/{rel}","templated":true}]}}