{"id":1243,"date":"2020-10-11T16:25:50","date_gmt":"2020-10-11T19:25:50","guid":{"rendered":"https:\/\/ensaltagracia-cba.infd.edu.ar\/sitio\/?page_id=1243"},"modified":"2025-03-21T15:02:35","modified_gmt":"2025-03-21T18:02:35","slug":"listado-docente-pei","status":"publish","type":"page","link":"https:\/\/ensaltagracia-cba.infd.edu.ar\/sitio\/listado-docente-pei\/","title":{"rendered":"Listado docente PEI"},"content":{"rendered":"<table width=\"918\">\n<tbody>\n<tr>\n<td width=\"450\"><strong><em>PROFESORADO DE EDUCACI\u00d3N INICIAL<\/em><\/strong><\/td>\n<td width=\"468\"><strong><em>DOCENTES<\/em><\/strong><\/td>\n<\/tr>\n<tr>\n<td colspan=\"2\" width=\"918\"><strong>\u00a01\u00ba A\u00f1o<\/strong><\/td>\n<\/tr>\n<tr>\n<td width=\"450\">\u00a0Pedagog\u00eda<\/td>\n<td width=\"468\">Prof. Laura MARIANI VIGOROSSI<\/td>\n<\/tr>\n<tr>\n<td width=\"450\">\u00a0Problem\u00e1ticas Socioantropol\u00f3gicas en Educaci\u00f3n<\/td>\n<td width=\"468\">Prof. Roxana RIGHINI<\/td>\n<\/tr>\n<tr>\n<td width=\"450\">\u00a0Psicolog\u00eda y Educaci\u00f3n<\/td>\n<td width=\"468\">Prof. Pablo CHIURA<\/td>\n<\/tr>\n<tr>\n<td width=\"450\">\u00a0Argentina en el Mundo Contempor\u00e1neo<\/td>\n<td width=\"468\">Prof. Esteban BARRERA<\/td>\n<\/tr>\n<tr>\n<td width=\"450\">Lenguaje Digital y Audiovisual<\/td>\n<td width=\"468\">Prof. Juan GOBELET<\/td>\n<\/tr>\n<tr>\n<td width=\"450\">Lenguaje Corporal<\/td>\n<td width=\"468\">Prof. Victoria E. MORENO Y COLAZO<\/td>\n<\/tr>\n<tr>\n<td width=\"450\">Pr\u00e1ctica Docente I: Contextos y Pr\u00e1cticas \u00a0Educativas<\/td>\n<td width=\"468\">Prof.<\/td>\n<\/tr>\n<tr>\n<td width=\"450\">Educaci\u00f3n Inicial: Jard\u00edn Maternal<\/td>\n<td width=\"468\">Prof. Emilse SOTO<\/td>\n<\/tr>\n<tr>\n<td width=\"450\">\u00a0Oralidad, Lectura y Escritura<\/td>\n<td width=\"468\">Prof. Juan Manuel FERN\u00c1NDEZ<\/td>\n<\/tr>\n<tr>\n<td width=\"450\">Educaci\u00f3n Art\u00edstica: M\u00fasica<\/td>\n<td width=\"468\">Prof.\u00a0 Dami\u00e1n WAITMAN<\/td>\n<\/tr>\n<tr>\n<td width=\"450\">Alfabetizaci\u00f3n en Lengua Inglesa<\/td>\n<td width=\"468\">Prof. Andrea MART\u00cdNEZ<\/td>\n<\/tr>\n<tr>\n<td colspan=\"2\" width=\"918\">\u00a0\u00a02\u00ba A\u00f1o<\/td>\n<\/tr>\n<tr>\n<td width=\"450\">Filosof\u00eda y Educaci\u00f3n<\/td>\n<td width=\"468\">Prof.<\/td>\n<\/tr>\n<tr>\n<td width=\"450\">Did\u00e1ctica General<\/td>\n<td width=\"468\">Prof. Laura MARIANI VIGOROSSI<\/td>\n<\/tr>\n<tr>\n<td width=\"450\">Alfabetizaci\u00f3n Inicial<\/td>\n<td width=\"468\">Prof. Marina HERN\u00c1NDEZ<\/td>\n<\/tr>\n<tr>\n<td width=\"450\">Pr\u00e1ctica Docente II: Escuelas, Historias Documentadas y Cotidian.<\/td>\n<td width=\"468\">Prof.\u00a0 Noelia LUDUE\u00d1A<\/td>\n<\/tr>\n<tr>\n<td width=\"450\">Desarrollo del Pensamiento Matem\u00e1tico<\/td>\n<td width=\"468\">Prof. Anah\u00ed TERNASKY<\/td>\n<\/tr>\n<tr>\n<td width=\"450\">Lengua y su Did\u00e1ctica<\/td>\n<td width=\"468\">Prof. Marina HERN\u00c1NDEZ<\/td>\n<\/tr>\n<tr>\n<td width=\"450\">\u00a0Cs. Naturales y su Did\u00e1ctica<\/td>\n<td width=\"468\">Prof. Mar\u00eda Elena GARC\u00cdA<\/td>\n<\/tr>\n<tr>\n<td width=\"450\">\u00a0Educaci\u00f3n Art\u00edstica: Pl\u00e1stica<\/td>\n<td width=\"468\">Prof. Mar\u00eda Bel\u00e9n PELLACINI<\/td>\n<\/tr>\n<tr>\n<td width=\"450\">\u00a0Sujetos de la Educaci\u00f3n y Convivencia Escolar<\/td>\n<td width=\"468\">Prof. Nadia GONELLI<\/td>\n<\/tr>\n<tr>\n<td width=\"450\">\u00a0TIC y la Ense\u00f1anza en el Nivel Inicial<\/td>\n<td width=\"468\">Prof.<\/td>\n<\/tr>\n<tr>\n<td width=\"450\">Introducci\u00f3n a la Educaci\u00f3n Rural<\/td>\n<td width=\"468\">Prof.<\/td>\n<\/tr>\n<tr>\n<td width=\"450\">Dise\u00f1o y Construcci\u00f3n de Material Did\u00e1ctico<\/td>\n<td width=\"468\">Prof.<\/td>\n<\/tr>\n<tr>\n<td colspan=\"2\" width=\"918\">\u00a0\u00a03\u00ba A\u00f1o<\/td>\n<\/tr>\n<tr>\n<td width=\"450\">\u00a0Historia y Pol\u00edtica de la Educaci\u00f3n Argentina<\/td>\n<td width=\"468\">Prof. Mariela VILAR<\/td>\n<\/tr>\n<tr>\n<td width=\"450\">Pr\u00e1ctica Docente III: El Aula, Espacio del Aprender y del Ense\u00f1ar<\/td>\n<td width=\"468\">Prof. Vanesa ESTELLER<\/td>\n<\/tr>\n<tr>\n<td width=\"450\">\u00a0Matem\u00e1tica y su Did\u00e1ctica<\/td>\n<td width=\"468\">Prof. Juan SUAID<\/td>\n<\/tr>\n<tr>\n<td width=\"450\">Literatura en el Nivel Inicial<\/td>\n<td width=\"468\">Prof. Juan Manuel FERN\u00c1NDEZ<\/td>\n<\/tr>\n<tr>\n<td width=\"450\">Ciencias Naturales: Educaci\u00f3n Para la Salud<\/td>\n<td width=\"468\">Prof. Mar\u00eda Elena GARC\u00cdA<\/td>\n<\/tr>\n<tr>\n<td width=\"450\">Ciencias Naturales: Educaci\u00f3n Ambiental<\/td>\n<td width=\"468\">Prof. Mar\u00eda Elena GARC\u00cdA<\/td>\n<\/tr>\n<tr>\n<td width=\"450\">Cs. Sociales y su Did\u00e1ctica<\/td>\n<td width=\"468\">Prof. Juan Manuel RODR\u00cdGUEZ<\/td>\n<\/tr>\n<tr>\n<td width=\"450\">\u00a0Educaci\u00f3n F\u00edsica en Jard\u00edn Maternal y Jard\u00edn Inicial<\/td>\n<td width=\"468\">Prof. Flavia LANZILOTTO<\/td>\n<\/tr>\n<tr>\n<td width=\"450\">Introducci\u00f3n a la Educaci\u00f3n Rural<\/td>\n<td width=\"468\">Prof. Rossana CAPRA<\/td>\n<\/tr>\n<tr>\n<td colspan=\"2\" width=\"918\">\u00a04\u00ba A\u00f1o<\/td>\n<\/tr>\n<tr>\n<td width=\"450\">\u00c9tica y Construcci\u00f3n de Ciudadan\u00eda<\/td>\n<td width=\"468\">Prof. Andrea CAMISASSA<\/td>\n<\/tr>\n<tr>\n<td width=\"450\">\u00a0Pr\u00e1ctica Docente IV y Residencia: Recrear las Practicas Docentes<\/td>\n<td width=\"468\">Prof. Valeria TOLEDO<\/td>\n<\/tr>\n<tr>\n<td width=\"450\">\u00a0Problem\u00e1ticas y Desaf\u00edos del Nivel Inicial<\/td>\n<td width=\"468\">Prof. Luz FRETES<\/td>\n<\/tr>\n<tr>\n<td width=\"450\">\u00a0Educaci\u00f3n Art\u00edstica: Teatro<\/td>\n<td width=\"468\">Prof. Victoria E. MORENO Y COLAZO<\/td>\n<\/tr>\n<tr>\n<td width=\"450\">Educaci\u00f3n\u00a0Sexual Integral<\/td>\n<td width=\"468\">Prof. Cecilia CARRIZO VILLALOBOS<\/td>\n<\/tr>\n<tr>\n<td width=\"450\">\u00a0Ateneos: Matem\u00e1tica, Lengua, Cs. Sociales, Cs. Naturales<\/td>\n<td width=\"468\">Prof. Noelia LUDUE\u00d1A ( Cs. Nat.) Prof. Marina HERN\u00c1NDEZ (Lengua) Prof. Juan SUAID\u00a0 (Matem\u00e1tica) Prof Juan RODR\u00cdGUEZ (Cs. Sociales)<\/td>\n<\/tr>\n<tr>\n<td width=\"450\">\u00a0Trabajo de Campo<\/td>\n<td width=\"468\">Prof. Valeria TOLEDO<\/td>\n<\/tr>\n<\/tbody>\n<\/table>\n","protected":false},"excerpt":{"rendered":"<p>PROFESORADO DE EDUCACI\u00d3N INICIAL DOCENTES \u00a01\u00ba A\u00f1o \u00a0Pedagog\u00eda Prof. Laura MARIANI VIGOROSSI \u00a0Problem\u00e1ticas Socioantropol\u00f3gicas en Educaci\u00f3n Prof. Roxana RIGHINI \u00a0Psicolog\u00eda y Educaci\u00f3n Prof. Pablo CHIURA \u00a0Argentina en el Mundo Contempor\u00e1neo Prof. Esteban BARRERA Lenguaje Digital y Audiovisual Prof. Juan GOBELET Lenguaje Corporal Prof. Victoria E. MORENO Y COLAZO Pr\u00e1ctica Docente I: Contextos y Pr\u00e1cticas \u00a0Educativas &#8230; <a title=\"Listado docente PEI\" class=\"read-more\" href=\"https:\/\/ensaltagracia-cba.infd.edu.ar\/sitio\/listado-docente-pei\/\" aria-label=\"More on Listado docente PEI\">[+]<\/a><\/p>\n","protected":false},"author":518,"featured_media":0,"parent":0,"menu_order":0,"comment_status":"closed","ping_status":"closed","template":"","meta":[],"acf":[],"_links":{"self":[{"href":"https:\/\/ensaltagracia-cba.infd.edu.ar\/sitio\/wp-json\/wp\/v2\/pages\/1243"}],"collection":[{"href":"https:\/\/ensaltagracia-cba.infd.edu.ar\/sitio\/wp-json\/wp\/v2\/pages"}],"about":[{"href":"https:\/\/ensaltagracia-cba.infd.edu.ar\/sitio\/wp-json\/wp\/v2\/types\/page"}],"author":[{"embeddable":true,"href":"https:\/\/ensaltagracia-cba.infd.edu.ar\/sitio\/wp-json\/wp\/v2\/users\/518"}],"replies":[{"embeddable":true,"href":"https:\/\/ensaltagracia-cba.infd.edu.ar\/sitio\/wp-json\/wp\/v2\/comments?post=1243"}],"version-history":[{"count":3,"href":"https:\/\/ensaltagracia-cba.infd.edu.ar\/sitio\/wp-json\/wp\/v2\/pages\/1243\/revisions"}],"predecessor-version":[{"id":2639,"href":"https:\/\/ensaltagracia-cba.infd.edu.ar\/sitio\/wp-json\/wp\/v2\/pages\/1243\/revisions\/2639"}],"wp:attachment":[{"href":"https:\/\/ensaltagracia-cba.infd.edu.ar\/sitio\/wp-json\/wp\/v2\/media?parent=1243"}],"curies":[{"name":"wp","href":"https:\/\/api.w.org\/{rel}","templated":true}]}}