{"id":1338,"date":"2021-02-17T17:42:41","date_gmt":"2021-02-17T20:42:41","guid":{"rendered":"https:\/\/ensaltagracia-cba.infd.edu.ar\/sitio\/?page_id=1338"},"modified":"2022-06-07T20:21:01","modified_gmt":"2022-06-07T23:21:01","slug":"regimen-de-correlatividades-pee","status":"publish","type":"page","link":"https:\/\/ensaltagracia-cba.infd.edu.ar\/sitio\/regimen-de-correlatividades-pee\/","title":{"rendered":"R\u00e9gimen de Correlatividades PEE"},"content":{"rendered":"<table width=\"652\">\n<tbody>\n<tr>\n<td colspan=\"2\" width=\"652\"><strong>PROFESORADO DE EDUCACI\u00d3N ESPECIAL CON ORIENTACI\u00d3N EN DISCAPACIDAD INTELECTUAL<\/strong><\/td>\n<\/tr>\n<tr>\n<td width=\"321\"><strong>UNIDAD CURRICULAR<\/strong><\/td>\n<td width=\"331\"><strong>UNIDAD CURRICULAR CORRELATIVA<\/strong><\/td>\n<\/tr>\n<tr>\n<td width=\"321\">Regularizadas:<\/p>\n<p>PEDAGOG\u00cdA (A) 1\u00ba<\/p>\n<p>PSICOLOG\u00cdA Y EDUCACI\u00d3N (A) 1\u00ba<\/td>\n<td width=\"331\">DID\u00c1CTICA GENERAL (A) 2\u00ba<\/td>\n<\/tr>\n<tr>\n<td width=\"321\">Aprobadas:<\/p>\n<p>PR\u00c1CTICA DOCENTE I (S) 1\u00ba<\/p>\n<p>PROBLEM\u00c1TICAS SOCIOANTROPOL\u00d3GICAS EN EDUCACI\u00d3N (S) 1\u00ba<\/td>\n<td width=\"331\">PR\u00c1CTICA DOCENTE II (S) 2\u00ba<\/td>\n<\/tr>\n<tr>\n<td width=\"321\">Regularizada:<\/p>\n<p>PSICOLOG\u00cdA Y EDUCACI\u00d3N (A) 1\u00ba<\/p>\n<p>HISTORIA Y PERSPECTIVA DE LA EDUCACI\u00d2N ESPECIAL (A) 1\u00ba<\/td>\n<td width=\"331\">SUJETO DE LA EDUCACI\u00d3N ESPECIAL (S) 2\u00ba<\/td>\n<\/tr>\n<tr>\n<td width=\"321\">Regularizada:<\/p>\n<p>NEUROPSICOLOG\u00cdA DEL DESARROLLO (A) 1\u00ba<\/td>\n<td width=\"331\">TRASTORNOS DEL DESARROLLO EN SUJETOS CON DI (S) 2\u00ba<\/td>\n<\/tr>\n<tr>\n<td width=\"321\">Regularizada:<\/p>\n<p>PEDAGOG\u00cdA (A) 1\u00ba<\/td>\n<td width=\"331\">HISTORIA Y POL\u00cdTICA DE LA EDUCACI\u00d3N ARGENTINA (A) 3\u00ba<\/td>\n<\/tr>\n<tr>\n<td width=\"321\">Regularizada:<\/p>\n<p>DID\u00c1CTICA GENERAL (A) 2\u00ba<\/p>\n<p>LENGUA, LITERATURA Y SU DID\u00c1CTICA A) 2\u00ba<\/p>\n<p>MATEM\u00c1TICA Y SU DID\u00c1CTICA (A) 2\u00ba<\/p>\n<p>Aprobada:<\/p>\n<p>PR\u00c1CTICA DOCENTE II (S) 2\u00ba<\/td>\n<td width=\"331\">PR\u00c1CTICA DOCENTE III Y RESIDENCIA (S) 3\u00ba<\/td>\n<\/tr>\n<tr>\n<td width=\"321\">Aprobada:<\/p>\n<p>SUJETO DE LA EDUCACI\u00d3N ESPECIAL(S) 2\u00ba<\/td>\n<td width=\"331\">PROBLEM\u00c1TICAS DE LA DISCAPACIDAD Y SUBJETIVIDAD (S) 3\u00ba<\/td>\n<\/tr>\n<tr>\n<td width=\"321\">Regularizada:<\/p>\n<p>EDUCACI\u00d3N INICIAL Y DI (A) 2\u00ba<\/td>\n<td width=\"331\">ABORDAJES PEDAG\u00d3GICOS EN SUJETOS CON DI: (A)3\u00ba<\/td>\n<\/tr>\n<tr>\n<td width=\"321\">Aprobada:<\/p>\n<p>PROBLEM\u00c1TICAS DE LA DISCAPACIDAD Y SUBJETIVIDAD (S) 3\u00ba<\/td>\n<td width=\"331\">TRABAJO INTEGRADO CON FAMILIA Y COMUNIDAD (S) 4\u00ba<\/td>\n<\/tr>\n<tr>\n<td width=\"321\">Regularizada:<\/p>\n<p>ABORDAJES PEDAG\u00d3GICOS EN SUJETOS CON DI: (A)3\u00ba<\/td>\n<td width=\"331\">TRAYECTORIAS EDUCATIVAS INTEGRADAS (S) 4\u00ba<\/p>\n<p>EDUCACI\u00d3N DEL ADULTO Y FORMACI\u00d3N LABORAL EN DI (S) 4\u00ba<\/td>\n<\/tr>\n<tr>\n<td width=\"321\">Aprobadas:<\/p>\n<p>PR\u00c1CTICA DOCENTE III Y RESIDENCIA(S) 3\u00ba<\/p>\n<p>ALFABETIZACI\u00d3N INICIAL Y DI (S) 2\u00ba<\/p>\n<p>MULTIDISCAPACIDAD (S) 3\u00ba<\/p>\n<p>Regularizadas:<\/p>\n<p>CIENCIAS NATURALES Y SU DID\u00c1CTICA (A) 3\u00ba<\/p>\n<p>CIENCIAS SOCIALES Y SU DID\u00c1CTICA (A) 3\u00ba<\/p>\n<p>ABORDAJES PEDAG\u00d3GICOS EN SUJETOS CON DI (A) 3\u00ba<\/td>\n<td width=\"331\">PR\u00c1CTICA DOCENTE IV: RESIDENCIA\u00a0 Y ATENEOS SOBRE MULTIDISCAPACIDAD (S) 4\u00ba<\/td>\n<\/tr>\n<\/tbody>\n<\/table>\n","protected":false},"excerpt":{"rendered":"<p>PROFESORADO DE EDUCACI\u00d3N ESPECIAL CON ORIENTACI\u00d3N EN DISCAPACIDAD INTELECTUAL UNIDAD CURRICULAR UNIDAD CURRICULAR CORRELATIVA Regularizadas: PEDAGOG\u00cdA (A) 1\u00ba PSICOLOG\u00cdA Y EDUCACI\u00d3N (A) 1\u00ba DID\u00c1CTICA GENERAL (A) 2\u00ba Aprobadas: PR\u00c1CTICA DOCENTE I (S) 1\u00ba PROBLEM\u00c1TICAS SOCIOANTROPOL\u00d3GICAS EN EDUCACI\u00d3N (S) 1\u00ba PR\u00c1CTICA DOCENTE II (S) 2\u00ba Regularizada: PSICOLOG\u00cdA Y EDUCACI\u00d3N (A) 1\u00ba HISTORIA Y PERSPECTIVA DE LA &#8230; <a title=\"R\u00e9gimen de Correlatividades PEE\" class=\"read-more\" href=\"https:\/\/ensaltagracia-cba.infd.edu.ar\/sitio\/regimen-de-correlatividades-pee\/\" aria-label=\"More on R\u00e9gimen de Correlatividades PEE\">[+]<\/a><\/p>\n","protected":false},"author":518,"featured_media":0,"parent":0,"menu_order":0,"comment_status":"closed","ping_status":"closed","template":"","meta":[],"acf":[],"_links":{"self":[{"href":"https:\/\/ensaltagracia-cba.infd.edu.ar\/sitio\/wp-json\/wp\/v2\/pages\/1338"}],"collection":[{"href":"https:\/\/ensaltagracia-cba.infd.edu.ar\/sitio\/wp-json\/wp\/v2\/pages"}],"about":[{"href":"https:\/\/ensaltagracia-cba.infd.edu.ar\/sitio\/wp-json\/wp\/v2\/types\/page"}],"author":[{"embeddable":true,"href":"https:\/\/ensaltagracia-cba.infd.edu.ar\/sitio\/wp-json\/wp\/v2\/users\/518"}],"replies":[{"embeddable":true,"href":"https:\/\/ensaltagracia-cba.infd.edu.ar\/sitio\/wp-json\/wp\/v2\/comments?post=1338"}],"version-history":[{"count":5,"href":"https:\/\/ensaltagracia-cba.infd.edu.ar\/sitio\/wp-json\/wp\/v2\/pages\/1338\/revisions"}],"predecessor-version":[{"id":2015,"href":"https:\/\/ensaltagracia-cba.infd.edu.ar\/sitio\/wp-json\/wp\/v2\/pages\/1338\/revisions\/2015"}],"wp:attachment":[{"href":"https:\/\/ensaltagracia-cba.infd.edu.ar\/sitio\/wp-json\/wp\/v2\/media?parent=1338"}],"curies":[{"name":"wp","href":"https:\/\/api.w.org\/{rel}","templated":true}]}}