{"id":1342,"date":"2021-02-17T17:49:53","date_gmt":"2021-02-17T20:49:53","guid":{"rendered":"https:\/\/ensaltagracia-cba.infd.edu.ar\/sitio\/?page_id=1342"},"modified":"2021-04-10T06:40:05","modified_gmt":"2021-04-10T09:40:05","slug":"regimen-de-correlatividades-pei","status":"publish","type":"page","link":"https:\/\/ensaltagracia-cba.infd.edu.ar\/sitio\/regimen-de-correlatividades-pei\/","title":{"rendered":"R\u00e9gimen de Correlatividades PEI"},"content":{"rendered":"<table width=\"652\">\n<tbody>\n<tr>\n<td colspan=\"2\" width=\"652\"><strong>PROFESORADO DE EDUCACI\u00d3N INICIAL<\/strong><\/td>\n<\/tr>\n<tr>\n<td width=\"321\"><strong>UNIDAD CURRICULAR<\/strong><\/td>\n<td width=\"331\"><strong>UNIDAD CURRICULAR CORRELATIVA<\/strong><\/td>\n<\/tr>\n<tr>\n<td width=\"321\">Regularizadas:<\/p>\n<p>PEDAGOG\u00cdA (A) 1\u00ba<\/p>\n<p>PSICOLOG\u00cdA Y EDUCACI\u00d3N (A) 1\u00ba<\/td>\n<td width=\"331\">DID\u00c1CTICA GENERAL (A) 2\u00b0<\/td>\n<\/tr>\n<tr>\n<td width=\"321\">Regularizada:<\/p>\n<p>PEDAGOG\u00cdA(A) 1\u00ba<\/td>\n<td width=\"331\">HISTORIA Y POL\u00cdTICA DE LA EDUCACI\u00d3N ARGENTINA (A) 3\u00ba<\/td>\n<\/tr>\n<tr>\n<td width=\"321\">Regularizada:<\/p>\n<p>PSICOLOG\u00cdA Y EDUCACI\u00d3N (A) 1\u00ba<\/td>\n<td width=\"331\">SUJETO DE LA EDUCACI\u00d3N Y CONVIVENCIA ESCOLAR (S) 2\u00ba<\/td>\n<\/tr>\n<tr>\n<td width=\"321\">Aprobada:<\/p>\n<p>DESARROLLO DEL PENSAMIENTO MATEM\u00c1TICO(T) 2\u00ba<\/td>\n<td width=\"331\">MATEM\u00c1TICA Y SU DID\u00c1CTICA (A) 3\u00ba<\/td>\n<\/tr>\n<tr>\n<td width=\"321\">Aprobada:<\/p>\n<p>ORALIDAD, LECTURA Y ESCRITURA (T) 1\u00ba<\/td>\n<td width=\"331\">LENGUA Y SU DID\u00c1CTICA (A) 2\u00ba<\/td>\n<\/tr>\n<tr>\n<td width=\"321\">Regularizada:<\/p>\n<p>LENGUA Y SU DID\u00c1CTICA (A) 2\u00ba<\/td>\n<td width=\"331\">LITERATURA EN EL NIVEL INICIAL (A) 3\u00ba<\/td>\n<\/tr>\n<tr>\n<td width=\"321\">Regularizada:<\/p>\n<p>CIENCIAS NATURALES Y SU DID\u00c1CTICA (A) 2\u00ba<\/td>\n<td width=\"331\">CIENCIAS NATURALES: EDUCACI\u00d3N PARA LA SALUD Y EDUCACI\u00d3N AMBIENTAL (S) 3\u00ba<\/td>\n<\/tr>\n<tr>\n<td width=\"321\">Aprobadas:<\/p>\n<p>PR\u00c1CTICA DOCENTE I (S) 1\u00ba<\/p>\n<p>PROBLEM\u00c1TICAS SOCIOANTROPOL\u00d3GICAS EN EDUCACI\u00d3N (S) 1\u00ba<\/p>\n<p>Regularizada:<\/p>\n<p>EDUCACI\u00d3N INICIAL: JARD\u00cdN MATERNAL (A) 1\u00ba<\/td>\n<td width=\"331\">PR\u00c1CTICA DOCENTE II (S) 2\u00ba<\/td>\n<\/tr>\n<tr>\n<td width=\"321\">Aprobada:<\/p>\n<p>PR\u00c1CTICA DOCENTE II (S) 2\u00ba<\/p>\n<p>Regularizadas:<\/p>\n<p>DID\u00c1CTICA GENERAL (A) 2\u00ba<\/p>\n<p>DOS DE LAS DID\u00c1CTICAS ESPEC\u00cdFICAS DE 2\u00ba (A)<\/td>\n<td width=\"331\">PR\u00c1CTICA DOCENTE III (S) 3\u00ba<\/td>\n<\/tr>\n<tr>\n<td width=\"321\">Aprobadas:<\/p>\n<p>PR\u00c1CTICA DOCENTE III (S) 3\u00ba<\/p>\n<p>TODAS LAS DID\u00c1CTICAS ESPEC\u00cdFICAS DE 2\u00ba A\u00d1O (A)<\/p>\n<p>DOS DE LAS DID\u00c1CTICAS ESPEC\u00cdFICAS DE 3\u00ba A\u00d1O (A)<\/p>\n<p>Regularizadas:<\/p>\n<p>LAS OTRAS DOS DE LAS DID\u00c1CTICAS ESPEC\u00cdFICAS DE 3\u00ba A\u00d1O (A)<\/td>\n<td width=\"331\">PR\u00c1CTICA DOCENTE IV Y RESIDENCIA (S) 4\u00ba<\/td>\n<\/tr>\n<\/tbody>\n<\/table>\n","protected":false},"excerpt":{"rendered":"<p>PROFESORADO DE EDUCACI\u00d3N INICIAL UNIDAD CURRICULAR UNIDAD CURRICULAR CORRELATIVA Regularizadas: PEDAGOG\u00cdA (A) 1\u00ba PSICOLOG\u00cdA Y EDUCACI\u00d3N (A) 1\u00ba DID\u00c1CTICA GENERAL (A) 2\u00b0 Regularizada: PEDAGOG\u00cdA(A) 1\u00ba HISTORIA Y POL\u00cdTICA DE LA EDUCACI\u00d3N ARGENTINA (A) 3\u00ba Regularizada: PSICOLOG\u00cdA Y EDUCACI\u00d3N (A) 1\u00ba SUJETO DE LA EDUCACI\u00d3N Y CONVIVENCIA ESCOLAR (S) 2\u00ba Aprobada: DESARROLLO DEL PENSAMIENTO MATEM\u00c1TICO(T) 2\u00ba &#8230; <a title=\"R\u00e9gimen de Correlatividades PEI\" class=\"read-more\" href=\"https:\/\/ensaltagracia-cba.infd.edu.ar\/sitio\/regimen-de-correlatividades-pei\/\" aria-label=\"More on R\u00e9gimen de Correlatividades PEI\">[+]<\/a><\/p>\n","protected":false},"author":518,"featured_media":0,"parent":0,"menu_order":0,"comment_status":"closed","ping_status":"closed","template":"","meta":[],"acf":[],"_links":{"self":[{"href":"https:\/\/ensaltagracia-cba.infd.edu.ar\/sitio\/wp-json\/wp\/v2\/pages\/1342"}],"collection":[{"href":"https:\/\/ensaltagracia-cba.infd.edu.ar\/sitio\/wp-json\/wp\/v2\/pages"}],"about":[{"href":"https:\/\/ensaltagracia-cba.infd.edu.ar\/sitio\/wp-json\/wp\/v2\/types\/page"}],"author":[{"embeddable":true,"href":"https:\/\/ensaltagracia-cba.infd.edu.ar\/sitio\/wp-json\/wp\/v2\/users\/518"}],"replies":[{"embeddable":true,"href":"https:\/\/ensaltagracia-cba.infd.edu.ar\/sitio\/wp-json\/wp\/v2\/comments?post=1342"}],"version-history":[{"count":3,"href":"https:\/\/ensaltagracia-cba.infd.edu.ar\/sitio\/wp-json\/wp\/v2\/pages\/1342\/revisions"}],"predecessor-version":[{"id":1485,"href":"https:\/\/ensaltagracia-cba.infd.edu.ar\/sitio\/wp-json\/wp\/v2\/pages\/1342\/revisions\/1485"}],"wp:attachment":[{"href":"https:\/\/ensaltagracia-cba.infd.edu.ar\/sitio\/wp-json\/wp\/v2\/media?parent=1342"}],"curies":[{"name":"wp","href":"https:\/\/api.w.org\/{rel}","templated":true}]}}