{"id":1351,"date":"2021-02-17T18:25:13","date_gmt":"2021-02-17T21:25:13","guid":{"rendered":"https:\/\/ensaltagracia-cba.infd.edu.ar\/sitio\/?page_id=1351"},"modified":"2024-12-20T19:53:04","modified_gmt":"2024-12-20T22:53:04","slug":"seminario-de-ingreso-2021-oficio-de-ensenar","status":"publish","type":"page","link":"https:\/\/ensaltagracia-cba.infd.edu.ar\/sitio\/seminario-de-ingreso-2021-oficio-de-ensenar\/","title":{"rendered":"CURSILLO DE INGRESO"},"content":{"rendered":"<h2>Presentaci\u00f3n Seminario Oficio de Ense\u00f1ar<\/h2>\n<h4><em>Estudiantes Aspirantes al\u00a0<\/em><em>Profesorado de Educaci\u00f3n Primaria\/Inicial\/Especial del\u00a0<\/em><em>I.E.S.de la Escuela Normal Superior de Alta Gracia<\/em><\/h4>\n<p><em>Estimadas\/os estudiantes: <\/em><\/p>\n<p style=\"text-align: left;\"><em>\u00a0\u00a0\u00a0\u00a0\u00a0\u00a0\u00a0\u00a0\u00a0\u00a0\u00a0\u00a0\u00a0\u00a0\u00a0\u00a0\u00a0\u00a0\u00a0\u00a0\u00a0\u00a0\u00a0\u00a0\u00a0\u00a0\u00a0\u00a0\u00a0\u00a0\u00a0\u00a0\u00a0\u00a0\u00a0\u00a0\u00a0\u00a0 Bienvenidas\/os a esta nueva trayectoria formativa. En esta etapa los desaf\u00edos son innumerables, como fruto de una elecci\u00f3n personal que demanda pasi\u00f3n, reflexi\u00f3n, responsabilidad, compromiso y \u00e9tica. En el transitar de este recorrido educativo no estar\u00e1n solas\/os,\u00a0<\/em><em>aunaremos esfuerzos y abordaremos una tarea compartida y colaborativa a trav\u00e9s de la mediaci\u00f3n presencial y virtual.<\/em><\/p>\n<p style=\"text-align: left;\"><em>\u00a0\u00a0\u00a0\u00a0\u00a0\u00a0\u00a0\u00a0\u00a0\u00a0\u00a0\u00a0\u00a0\u00a0\u00a0\u00a0\u00a0\u00a0\u00a0\u00a0\u00a0\u00a0\u00a0\u00a0\u00a0\u00a0\u00a0\u00a0\u00a0\u00a0\u00a0\u00a0\u00a0\u00a0\u00a0\u00a0\u00a0 En estos primeros encuentros, con que se inicia la formaci\u00f3n profesional, los estaremos invitando a repensar el hecho del Aprender y del Ense\u00f1ar posicion\u00e1ndolos como actores activos de las propuestas. Informaremos tambi\u00e9n acerca de diferentes aspectos de la vida institucional y acad\u00e9mica, incluido lo administrativo. El objetivo es que conozcan la Instituci\u00f3n y sus marcos regulatorios, la carrera y su perfil, el ser y el quehacer del estudiante, anticipando lo que tendr\u00e1n que transitar para ejercer la profesi\u00f3n docente. En definitiva, el prop\u00f3sito es acompa\u00f1aras\/los en el proceso de construcci\u00f3n y fortalecimiento de la identidad en el Nivel Superior, con una aproximaci\u00f3n gradual a los debates centrales que interpelan a quienes asumen el oficio de ense\u00f1ar y las capacidades profesionales que se deber\u00e1n desarrollar en esta \u201cnueva forma de hacer escuela\u201d. Nuestra funci\u00f3n es orientarlos en el inicio del proceso de alfabetizaci\u00f3n acad\u00e9mica propio del Nivel.\u00a0\u00a0\u00a0\u00a0\u00a0\u00a0\u00a0\u00a0\u00a0\u00a0\u00a0\u00a0\u00a0\u00a0\u00a0\u00a0\u00a0\u00a0\u00a0\u00a0\u00a0\u00a0\u00a0\u00a0\u00a0\u00a0\u00a0 \u00a0\u00a0\u00a0\u00a0\u00a0\u00a0\u00a0\u00a0\u00a0\u00a0\u00a0\u00a0\u00a0\u00a0\u00a0\u00a0\u00a0\u00a0\u00a0\u00a0\u00a0\u00a0\u00a0\u00a0\u00a0\u00a0\u00a0\u00a0\u00a0\u00a0\u00a0\u00a0\u00a0\u00a0\u00a0\u00a0\u00a0\u00a0\u00a0\u00a0\u00a0\u00a0\u00a0\u00a0\u00a0\u00a0\u00a0\u00a0\u00a0\u00a0\u00a0\u00a0\u00a0\u00a0\u00a0\u00a0\u00a0\u00a0\u00a0\u00a0\u00a0\u00a0\u00a0\u00a0\u00a0\u00a0\u00a0\u00a0\u00a0\u00a0\u00a0\u00a0\u00a0\u00a0\u00a0\u00a0\u00a0\u00a0\u00a0\u00a0<\/em><\/p>\n<p style=\"text-align: left;\"><em>\u00a0\u00a0\u00a0\u00a0\u00a0\u00a0\u00a0\u00a0\u00a0\u00a0\u00a0\u00a0\u00a0\u00a0\u00a0\u00a0\u00a0\u00a0\u00a0\u00a0\u00a0\u00a0\u00a0\u00a0\u00a0\u00a0\u00a0\u00a0\u00a0\u00a0\u00a0\u00a0\u00a0\u00a0\u00a0\u00a0\u00a0 Tengan siempre presente que acceder a la Educaci\u00f3n Superior es una meta que muchos anhelan\u00a0 y que lleva a ejercer derechos y a asumir responsabilidades con el prop\u00f3sito de formarse como docentes y agentes del Estado, capaces de garantizar el derecho a la educaci\u00f3n a todos\/as los\/as estudiantes, teniendo en cuen\u00adta los diferentes contextos, culturas y estilos de aprendizaje, priorizando\u00a0 a los sectores m\u00e1s vulnera\u00addos para reducir las brechas de saberes entre los alumnos m\u00e1s y menos desfavorecidos.<\/em><\/p>\n<p style=\"text-align: left;\"><em>\u00a0 \u00a0 \u00a0 \u00a0 \u00a0 \u00a0 \u00a0 \u00a0 \u00a0 \u00a0 \u00a0 \u00a0 \u00a0 \u00a0 \u00a0 \u00a0 \u00a0 \u00a0El equipo institucional les desea un exitoso recorrido en este nuevo mundo de cultura escolarizada y los convoca a sumar esfuerzos y compartir desaf\u00edos para lograrlo.<\/em><\/p>\n<p style=\"text-align: left;\"><em>\u00a0<\/em><\/p>\n<p style=\"text-align: right;\"><em>\u00a0<\/em><em>Comunidad educativa del I.E.S. de la ENSAG.<\/em><\/p>\n<p style=\"text-align: right;\">Alta Gracia, 21 de febrero de 2025<\/p>\n<h2>Para ingresar al Seminario Oficio de Ense\u00f1ar hacer <a href=\"https:\/\/ensaltagracia-cba.infd.edu.ar\/sitio\/organigrama-de-cursado-2022\/\">clic aqu\u00ed<\/a><\/h2>\n","protected":false},"excerpt":{"rendered":"<p>Presentaci\u00f3n Seminario Oficio de Ense\u00f1ar Estudiantes Aspirantes al\u00a0Profesorado de Educaci\u00f3n Primaria\/Inicial\/Especial del\u00a0I.E.S.de la Escuela Normal Superior de Alta Gracia Estimadas\/os estudiantes: \u00a0\u00a0\u00a0\u00a0\u00a0\u00a0\u00a0\u00a0\u00a0\u00a0\u00a0\u00a0\u00a0\u00a0\u00a0\u00a0\u00a0\u00a0\u00a0\u00a0\u00a0\u00a0\u00a0\u00a0\u00a0\u00a0\u00a0\u00a0\u00a0\u00a0\u00a0\u00a0\u00a0\u00a0\u00a0\u00a0\u00a0\u00a0 Bienvenidas\/os a esta nueva trayectoria formativa. En esta etapa los desaf\u00edos son innumerables, como fruto de una elecci\u00f3n personal que demanda pasi\u00f3n, reflexi\u00f3n, responsabilidad, compromiso y \u00e9tica. En el transitar de este recorrido &#8230; <a title=\"CURSILLO DE INGRESO\" class=\"read-more\" href=\"https:\/\/ensaltagracia-cba.infd.edu.ar\/sitio\/seminario-de-ingreso-2021-oficio-de-ensenar\/\" aria-label=\"More on CURSILLO DE INGRESO\">[+]<\/a><\/p>\n","protected":false},"author":518,"featured_media":0,"parent":0,"menu_order":0,"comment_status":"closed","ping_status":"closed","template":"","meta":[],"acf":[],"_links":{"self":[{"href":"https:\/\/ensaltagracia-cba.infd.edu.ar\/sitio\/wp-json\/wp\/v2\/pages\/1351"}],"collection":[{"href":"https:\/\/ensaltagracia-cba.infd.edu.ar\/sitio\/wp-json\/wp\/v2\/pages"}],"about":[{"href":"https:\/\/ensaltagracia-cba.infd.edu.ar\/sitio\/wp-json\/wp\/v2\/types\/page"}],"author":[{"embeddable":true,"href":"https:\/\/ensaltagracia-cba.infd.edu.ar\/sitio\/wp-json\/wp\/v2\/users\/518"}],"replies":[{"embeddable":true,"href":"https:\/\/ensaltagracia-cba.infd.edu.ar\/sitio\/wp-json\/wp\/v2\/comments?post=1351"}],"version-history":[{"count":12,"href":"https:\/\/ensaltagracia-cba.infd.edu.ar\/sitio\/wp-json\/wp\/v2\/pages\/1351\/revisions"}],"predecessor-version":[{"id":2578,"href":"https:\/\/ensaltagracia-cba.infd.edu.ar\/sitio\/wp-json\/wp\/v2\/pages\/1351\/revisions\/2578"}],"wp:attachment":[{"href":"https:\/\/ensaltagracia-cba.infd.edu.ar\/sitio\/wp-json\/wp\/v2\/media?parent=1351"}],"curies":[{"name":"wp","href":"https:\/\/api.w.org\/{rel}","templated":true}]}}