{"id":1801,"date":"2022-02-17T10:01:00","date_gmt":"2022-02-17T13:01:00","guid":{"rendered":"https:\/\/ensaltagracia-cba.infd.edu.ar\/sitio\/?page_id=1801"},"modified":"2025-04-07T08:05:18","modified_gmt":"2025-04-07T11:05:18","slug":"organigrama-de-cursado-2022","status":"publish","type":"page","link":"https:\/\/ensaltagracia-cba.infd.edu.ar\/sitio\/organigrama-de-cursado-2022\/","title":{"rendered":"Organigrama de cursado 2025"},"content":{"rendered":"\n<h2 class=\"wp-block-heading\"><strong><em>SEMINARIO EL OFICIO DE ENSE\u00d1AR<\/em><\/strong><\/h2>\n\n\n\n<h4 class=\"wp-block-heading\"><strong><em>\u201cEL OFICIO DE ENSE\u00d1AR: PRINCIPIOS, PROBLEMAS Y POSIBILIDADES EN LA PROFESI\u00d3N DOCENTE\u201d<\/em><\/strong><\/h4>\n\n\n\n<h2 class=\"wp-block-heading\"><strong>Ciclo lectivo 2025<\/strong><\/h2>\n\n\n\n<p><strong>Del 5 de marzo al 3 de abril de 18:30 a 22:00 hs<\/strong><\/p>\n\n\n\n<h2 class=\"wp-block-heading\">EVALUACI\u00d3N DEL SEMINARIO DE INGRESO EL OFICIO DE ENSE\u00d1AR<\/h2>\n\n\n\n<h2 class=\"wp-block-heading\"><a href=\"https:\/\/forms.gle\/18TQ3paR6Pd8kG5Z8\">https:\/\/forms.gle\/18TQ3paR6Pd8kG5Z8<\/a><\/h2>\n\n\n\n<h2 class=\"wp-block-heading\"><strong>EJE<\/strong> 1<\/h2>\n\n\n\n<h4 class=\"wp-block-heading\">La educaci\u00f3n como acontecimiento \u00e9tico en la profesi\u00f3n docente<br>5,6,7,10 de marzo<\/h4>\n\n\n\n<div class=\"wp-block-file\"><object class=\"wp-block-file__embed\" data=\"https:\/\/ensaltagracia-cba.infd.edu.ar\/sitio\/wp-content\/uploads\/2025\/02\/EJE-1.pdf\" type=\"application\/pdf\" style=\"width:100%;height:600px\" aria-label=\"Incrustado de EJE-1.\"><\/object><a id=\"wp-block-file--media-a7db64ad-5a78-4daf-a755-a91d7a134547\" href=\"https:\/\/ensaltagracia-cba.infd.edu.ar\/sitio\/wp-content\/uploads\/2025\/02\/EJE-1.pdf\">EJE-1<\/a><a href=\"https:\/\/ensaltagracia-cba.infd.edu.ar\/sitio\/wp-content\/uploads\/2025\/02\/EJE-1.pdf\" class=\"wp-block-file__button wp-element-button\" download aria-describedby=\"wp-block-file--media-a7db64ad-5a78-4daf-a755-a91d7a134547\">Descarga<\/a><\/div>\n\n\n\n<div class=\"wp-block-file\"><object class=\"wp-block-file__embed\" data=\"https:\/\/ensaltagracia-cba.infd.edu.ar\/sitio\/wp-content\/uploads\/2025\/03\/Entregas-EJE-1-LA-EDUCACION-COMO-ACONTECIMIENTO-ETICO-EN-LA-PROFESION-DOCENTE.pdf\" type=\"application\/pdf\" style=\"width:100%;height:600px\" aria-label=\"Incrustado de Entregas-EJE-1-LA-EDUCACI\u00d3N-COMO-ACONTECIMIENTO-\u00c9TICO-EN-LA-PROFESI\u00d3N-DOCENTE.\"><\/object><a id=\"wp-block-file--media-8a78d9a1-73c5-4ec8-8cc7-30666b3b2ca5\" href=\"https:\/\/ensaltagracia-cba.infd.edu.ar\/sitio\/wp-content\/uploads\/2025\/03\/Entregas-EJE-1-LA-EDUCACION-COMO-ACONTECIMIENTO-ETICO-EN-LA-PROFESION-DOCENTE.pdf\">Entregas-EJE-1-LA-EDUCACI\u00d3N-COMO-ACONTECIMIENTO-\u00c9TICO-EN-LA-PROFESI\u00d3N-DOCENTE<\/a><a href=\"https:\/\/ensaltagracia-cba.infd.edu.ar\/sitio\/wp-content\/uploads\/2025\/03\/Entregas-EJE-1-LA-EDUCACION-COMO-ACONTECIMIENTO-ETICO-EN-LA-PROFESION-DOCENTE.pdf\" class=\"wp-block-file__button wp-element-button\" download aria-describedby=\"wp-block-file--media-8a78d9a1-73c5-4ec8-8cc7-30666b3b2ca5\">Descarga<\/a><\/div>\n\n\n\n<h2 class=\"wp-block-heading\">EJE 2<\/h2>\n\n\n\n<h4 class=\"wp-block-heading\"><strong>Transmisi\u00f3n cultural: Confianza, saberes, herencia, producci\u00f3n, porvenir&#8230; <br>11, 12, 13 y 14 <\/strong>de Marzo<\/h4>\n\n\n\n<div class=\"wp-block-file\"><object class=\"wp-block-file__embed\" data=\"https:\/\/ensaltagracia-cba.infd.edu.ar\/sitio\/wp-content\/uploads\/2025\/03\/EJE-2.pdf\" type=\"application\/pdf\" style=\"width:100%;height:600px\" aria-label=\"Incrustado de EJE-2.\"><\/object><a id=\"wp-block-file--media-f9b38ef0-f0e2-45a0-8dec-260e0d509da2\" href=\"https:\/\/ensaltagracia-cba.infd.edu.ar\/sitio\/wp-content\/uploads\/2025\/03\/EJE-2.pdf\">EJE-2<\/a><a href=\"https:\/\/ensaltagracia-cba.infd.edu.ar\/sitio\/wp-content\/uploads\/2025\/03\/EJE-2.pdf\" class=\"wp-block-file__button wp-element-button\" download aria-describedby=\"wp-block-file--media-f9b38ef0-f0e2-45a0-8dec-260e0d509da2\">Descarga<\/a><\/div>\n\n\n\n<h3 class=\"wp-block-heading\">EJE 3<\/h3>\n\n\n\n<h4 class=\"wp-block-heading\">Inclusi\u00f3n y calidad como pol\u00edticas de estado \/ Igualdad y libertad como principios pedag\u00f3gicos<br><strong>17, 18, 19 y 20<\/strong> de Marzo<\/h4>\n\n\n\n<div class=\"wp-block-file\"><object class=\"wp-block-file__embed\" data=\"https:\/\/ensaltagracia-cba.infd.edu.ar\/sitio\/wp-content\/uploads\/2025\/02\/EJE-3.pdf\" type=\"application\/pdf\" style=\"width:100%;height:600px\" aria-label=\"Incrustado de EJE-3.\"><\/object><a id=\"wp-block-file--media-69586343-aeec-4a10-9751-ad89e4805498\" href=\"https:\/\/ensaltagracia-cba.infd.edu.ar\/sitio\/wp-content\/uploads\/2025\/02\/EJE-3.pdf\">EJE-3<\/a><a href=\"https:\/\/ensaltagracia-cba.infd.edu.ar\/sitio\/wp-content\/uploads\/2025\/02\/EJE-3.pdf\" class=\"wp-block-file__button wp-element-button\" download aria-describedby=\"wp-block-file--media-69586343-aeec-4a10-9751-ad89e4805498\">Descarga<\/a><\/div>\n\n\n\n<h2 class=\"wp-block-heading\"><strong>EJE 4<\/strong><\/h2>\n\n\n\n<h4 class=\"wp-block-heading\"><strong>ESI: PERSPECTIVA DE G\u00c9NERO<\/strong>. EDUCACI\u00d3N SEXUAL INTEGRAL<br><strong>21, 25, 26 y 27<\/strong> de Marzo<\/h4>\n\n\n\n<h5 class=\"wp-block-heading\"><strong>ACTO: 24 de marzo: Dia de la memoria, verdad y justicia<\/strong><\/h5>\n\n\n\n<div class=\"wp-block-file\"><object class=\"wp-block-file__embed\" data=\"https:\/\/ensaltagracia-cba.infd.edu.ar\/sitio\/wp-content\/uploads\/2025\/02\/EJE-4.pdf\" type=\"application\/pdf\" style=\"width:100%;height:600px\" aria-label=\"Incrustado de EJE-4.\"><\/object><a id=\"wp-block-file--media-86c5ca2d-4528-4dbf-8b6f-0b8217653b84\" href=\"https:\/\/ensaltagracia-cba.infd.edu.ar\/sitio\/wp-content\/uploads\/2025\/02\/EJE-4.pdf\">EJE-4<\/a><a href=\"https:\/\/ensaltagracia-cba.infd.edu.ar\/sitio\/wp-content\/uploads\/2025\/02\/EJE-4.pdf\" class=\"wp-block-file__button wp-element-button\" download aria-describedby=\"wp-block-file--media-86c5ca2d-4528-4dbf-8b6f-0b8217653b84\"><\/a><\/div>\n\n\n\n<h3 class=\"wp-block-heading\">EJE 5<\/h3>\n\n\n\n<h4 class=\"wp-block-heading\">El oficio de estudiante de Educaci\u00f3n Superior y el oficio de ense\u00f1ar \/ Capacidades profesionales<br><strong>28 y 3<\/strong>1 de Marzo, 1 y 3 de Abril<\/h4>\n\n\n\n<h5 class=\"wp-block-heading\"><strong>ACTO: 2 de Abril: <\/strong>D\u00eda del Veterano y de los ca\u00eddos en la guerra de Malvinas<\/h5>\n\n\n\n<div class=\"wp-block-file\"><object class=\"wp-block-file__embed\" data=\"https:\/\/ensaltagracia-cba.infd.edu.ar\/sitio\/wp-content\/uploads\/2025\/03\/EJE-5.pdf\" type=\"application\/pdf\" style=\"width:100%;height:600px\" aria-label=\"Incrustado de EJE-5.\"><\/object><a id=\"wp-block-file--media-68ecd5f8-d546-4a76-979a-e738d6a92b0f\" href=\"https:\/\/ensaltagracia-cba.infd.edu.ar\/sitio\/wp-content\/uploads\/2025\/03\/EJE-5.pdf\">EJE-5<\/a><a href=\"https:\/\/ensaltagracia-cba.infd.edu.ar\/sitio\/wp-content\/uploads\/2025\/03\/EJE-5.pdf\" class=\"wp-block-file__button wp-element-button\" download aria-describedby=\"wp-block-file--media-68ecd5f8-d546-4a76-979a-e738d6a92b0f\">Descarga<\/a><\/div>\n","protected":false},"excerpt":{"rendered":"<p>SEMINARIO EL OFICIO DE ENSE\u00d1AR \u201cEL OFICIO DE ENSE\u00d1AR: PRINCIPIOS, PROBLEMAS Y POSIBILIDADES EN LA PROFESI\u00d3N DOCENTE\u201d Ciclo lectivo 2025 Del 5 de marzo al 3 de abril de 18:30 a 22:00 hs EVALUACI\u00d3N DEL SEMINARIO DE INGRESO EL OFICIO DE ENSE\u00d1AR https:\/\/forms.gle\/18TQ3paR6Pd8kG5Z8 EJE 1 La educaci\u00f3n como acontecimiento \u00e9tico en la profesi\u00f3n docente5,6,7,10 de &#8230; <a title=\"Organigrama de cursado 2025\" class=\"read-more\" href=\"https:\/\/ensaltagracia-cba.infd.edu.ar\/sitio\/organigrama-de-cursado-2022\/\" aria-label=\"More on Organigrama de cursado 2025\">[+]<\/a><\/p>\n","protected":false},"author":518,"featured_media":0,"parent":0,"menu_order":0,"comment_status":"closed","ping_status":"closed","template":"","meta":[],"acf":[],"_links":{"self":[{"href":"https:\/\/ensaltagracia-cba.infd.edu.ar\/sitio\/wp-json\/wp\/v2\/pages\/1801"}],"collection":[{"href":"https:\/\/ensaltagracia-cba.infd.edu.ar\/sitio\/wp-json\/wp\/v2\/pages"}],"about":[{"href":"https:\/\/ensaltagracia-cba.infd.edu.ar\/sitio\/wp-json\/wp\/v2\/types\/page"}],"author":[{"embeddable":true,"href":"https:\/\/ensaltagracia-cba.infd.edu.ar\/sitio\/wp-json\/wp\/v2\/users\/518"}],"replies":[{"embeddable":true,"href":"https:\/\/ensaltagracia-cba.infd.edu.ar\/sitio\/wp-json\/wp\/v2\/comments?post=1801"}],"version-history":[{"count":40,"href":"https:\/\/ensaltagracia-cba.infd.edu.ar\/sitio\/wp-json\/wp\/v2\/pages\/1801\/revisions"}],"predecessor-version":[{"id":2654,"href":"https:\/\/ensaltagracia-cba.infd.edu.ar\/sitio\/wp-json\/wp\/v2\/pages\/1801\/revisions\/2654"}],"wp:attachment":[{"href":"https:\/\/ensaltagracia-cba.infd.edu.ar\/sitio\/wp-json\/wp\/v2\/media?parent=1801"}],"curies":[{"name":"wp","href":"https:\/\/api.w.org\/{rel}","templated":true}]}}