{"id":1913,"date":"2022-03-15T14:09:16","date_gmt":"2022-03-15T17:09:16","guid":{"rendered":"https:\/\/ensaltagracia-cba.infd.edu.ar\/sitio\/?page_id=1913"},"modified":"2026-02-26T22:41:20","modified_gmt":"2026-02-27T01:41:20","slug":"pre-inscripcion-2024-25","status":"publish","type":"page","link":"https:\/\/ensaltagracia-cba.infd.edu.ar\/sitio\/pre-inscripcion-2024-25\/","title":{"rendered":"PREINSCRIPCI\u00d3N 2026 &#8211; NIVEL SUPERIOR"},"content":{"rendered":"\n<p><\/p>\n\n\n\n<h1 class=\"wp-block-heading has-text-align-center has-accent-color has-luminous-vivid-amber-to-luminous-vivid-orange-gradient-background has-text-color has-background\">17 de noviembre hasta el 23 de diciembre de 2025 <\/h1>\n\n\n\n<p class=\"has-text-align-center has-base-3-color has-contrast-background-color has-text-color has-background has-large-font-size\"><strong>LEER ATENTAMENTE Y REALIZAR LOS 4 (CUATRO) PASOS QUE SE INDICAN A CONTINUACI\u00d3N:<\/strong><\/p>\n\n\n\n<p><strong>PASO 1:<\/strong> <\/p>\n\n\n\n<p class=\"has-medium-font-size\"><strong>INSCRIPCI\u00d3N DIGITAL:<\/strong> INGRESAR AL SIGUIENTE ENLACE <a href=\"https:\/\/gestionestudiantes.cba.gov.ar\/NoUsuario\/ConsultaSuperiorPorInstituto.aspx?a=info\">PREINSCRIPCIONES 2026-NIVEL SUPERIOR<\/a> Y SEGUIR LOS PASOS QUE INDICA EL SISTEMA GESTI\u00d3N DE ESTUDIANTES, (DONDE DICE: <strong>C\u00d3DIGO INSTITUTO<\/strong> COLOCAR: <strong>EE0330389<\/strong>) <strong>AL FINAL IMPRIMIR LA CONSTANCIA DE INSCRIPCI\u00d3N<\/strong>. <\/p>\n\n\n\n<p class=\"has-medium-font-size\"><strong>PASO 2: <\/strong><\/p>\n\n\n\n<p class=\"has-medium-font-size\"><strong>COMPLETAR EL SIGUIENTE FORMULARIO OBLIGATORIO:    <\/strong><a href=\"https:\/\/forms.gle\/TGrdVH5ukSr59vad7\">https:\/\/forms.gle\/TGrdVH5ukSr59vad7<\/a><strong>   (NO LLENAR ESTE FORMULARIO SI NO SE INSCRIBI\u00d3 ANTES EN EL LINK DELPASO 1; YA QUE NO TENDR\u00c1 VALIDEZ): <\/strong><\/p>\n\n\n\n<p class=\"has-medium-font-size\"><strong>PASO 3<\/strong> <\/p>\n\n\n\n<p>ENTRE EL 9 DE DICIEMBRE Y 19 DE DICIEMBRE 2025  PRESENTAR EN LA SECRETAR\u00cdA DE NIVEL SUPERIOR DE LA E.N.S.A.G.  EN EL HORARIO DE 18:30 A 20:30 LA CONSTANCIA DE PREINSCRIPCI\u00d3N JUNTAMENTE CON EL COMPROBANTE\/BONO DE COOPERADORA VOLUNTARIO POR PREINSCRIPCI\u00d3N<\/p>\n\n\n\n<p class=\"has-white-color has-vivid-red-background-color has-text-color has-background has-medium-font-size\"><strong>PASO 4<\/strong><\/p>\n\n\n\n<p class=\"has-white-color has-vivid-red-background-color has-text-color has-background has-medium-font-size\"><strong>LA INSCRIPCI\u00d3N DEFINITIVA: 23 AL 27 FEBRERO 2026 EN EL HORARIO DE 18:30 A 20:30, PARA LO CUAL  DEBER\u00c1 PRESENTAR LO SIGUIENTE:<\/strong><\/p>\n\n\n\n<p class=\"has-medium-font-size\">&#8211;<strong>FICHA DE INSCRIPCI\u00d3N (DESCARGUE LA CORRESPONDIENTE AL PROFESORADO DE SU INTER\u00c9S) <\/strong>  <\/p>\n\n\n\n<p>FICHA PE PRIMARIA  <strong>DISPONIBLE EN LA FOTOCOPIADORA DELA ESCUELA <\/strong><\/p>\n\n\n\n<p>FICHA P E INICIAL    <strong>DISPONIBLE EN LA FOTOCOPIADORA DELA ESCUELA <\/strong><\/p>\n\n\n\n<p>FICHA P E ESPECIAL      <strong>DISPONIBLE EN LA FOTOCOPIADORA DELA ESCUELA <\/strong>          <\/p>\n\n\n\n<p class=\"has-medium-font-size\"><strong>-UNA CARPETA DE TRES SOLAPAS SIN EL\u00c1STICO NI BRILLO.<\/strong><strong><br>-DNI (FOTOCOPIA AMPLIADA)<br>-PARTIDA DE NACIMIENTO.<br>-UNA FOTO CARN\u00c9 FONDO AZUL 4 X 4 (NO SE RECIBEN FOTOS IMPRESAS EN CHORRO DE TINTA, NI CON OTRO FONDO QUE EL INDICADO.<br>-COPIA DEL CERTIFICADO ANAL\u00cdTICO DEL SECUNDARIO O CONSTANCIA QUE EST\u00c1 EN TR\u00c1MITE<\/strong><\/p>\n\n\n\n<h1 class=\"wp-block-heading has-medium-font-size\"><strong>-APORTE VOLUNTARIO COOPERADORA.<\/strong>                                                    <\/h1>\n\n\n\n<h1 class=\"wp-block-heading has-medium-font-size\"><strong> -CERTIFICADO \u00daNICO DE SALUD CON FECHA DEL A\u00d1O 2026 (FICHA M\u00c9DICA)<\/strong> LLEVAR ORIGINAL Y DOS COPIAS- <a href=\"https:\/\/ensaltagracia-cba.infd.edu.ar\/sitio\/wp-content\/uploads\/2022\/03\/CERTIFICADO-UNICO-DE-SALUD-FICHA-MEDICA-CUS.pdf\" data-type=\"URL\" data-id=\"https:\/\/ensaltagracia-cba.infd.edu.ar\/sitio\/wp-content\/uploads\/2022\/03\/CERTIFICADO-UNICO-DE-SALUD-FICHA-MEDICA-CUS.pdf\">(DESCARGAR AQU\u00cd<\/a>)<\/h1>\n\n\n\n<p class=\"has-medium-font-size\"><strong>&#8211;<strong>CERTIFICADO DE NO INSCRIPCI\u00d3N AL REGISTRO PROVINCIAL DE PERSONAS CONDENADAS POR DELITOS CONTRA LA INTEGRIDAD SEXUAL (LEY 9680) con fecha 2026<\/strong><\/strong><\/p>\n\n\n\n<p class=\"has-medium-font-size\"><strong>-CERTIFICADO DE ANTECEDENTES PENALES<\/strong><\/p>\n\n\n\n<p class=\"has-text-align-center has-base-3-color has-contrast-background-color has-text-color has-background has-medium-font-size\"><strong><mark style=\"background-color:rgba(0, 0, 0, 0)\" class=\"has-inline-color has-base-3-color\">NO SE RECIBEN LEGAJOS INCOMPLETOS<\/mark><\/strong><\/p>\n\n\n\n<p class=\"has-text-align-center has-base-3-color has-text-color has-background has-large-font-size\" style=\"background-color:#f60808\">            <strong>IMPORTANTE: CURSILLO DE INGRESO \u201cSeminario de Ingreso al Nivel Superior (SIES)\u201d COMIENZA: <\/strong>3 DE MARZO DE 2026  HORA: 18:30<\/p>\n\n\n\n<p class=\"has-vivid-purple-color has-text-color has-large-font-size\"><strong>NUESTRAS CARRERAS:<\/strong><\/p>\n\n\n\n<p class=\"has-text-align-center has-white-color has-vivid-cyan-blue-background-color has-text-color has-background has-medium-font-size\">PROFESORADO DE EDUCACI\u00d3N PRIMARIA    (<a href=\"https:\/\/ensaltagracia-cba.infd.edu.ar\/sitio\/plan-de-estudio-pep\/\">PLAN DE ESTUDIOS<\/a>)<\/p>\n\n\n\n<p class=\"has-text-align-center has-white-color has-vivid-cyan-blue-background-color has-text-color has-background has-medium-font-size\">PROFESORADO DE EDUCACI\u00d3N INICIAL     (<a href=\"https:\/\/ensaltagracia-cba.infd.edu.ar\/sitio\/plan-de-estudio-pei\/\">PAN DE ESTUDIOS<\/a>)<\/p>\n\n\n\n<p class=\"has-text-align-center has-white-color has-vivid-cyan-blue-background-color has-text-color has-background has-medium-font-size\">PROFESORADO DE EDUCACI\u00d3N ESPECIAL   (<a href=\"https:\/\/ensaltagracia-cba.infd.edu.ar\/sitio\/plan-de-estudio-pee\/\">PLAN DE ESTUDIOS<\/a>)<\/p>\n\n\n\n<h2 class=\"wp-block-heading has-medium-font-size\">Se recuerda que la inscripci\u00f3n a los Profesorados de Educaci\u00f3n Inicial y Especial es Condicional.<\/h2>\n\n\n\n<p class=\"has-vivid-cyan-blue-color has-text-color\">Consultas:&nbsp; &nbsp; &nbsp;CORREO ELECTR\u00d3NICO: secretariaensag@yahoo.com<\/p>\n\n\n\n<p class=\"has-vivid-cyan-blue-color has-text-color\">TEL: 03547-429281 (DE 18 A 23) &#8211; CEL:&nbsp; 3547 63-3088 (DE 18 A 23 HS)<\/p>\n","protected":false},"excerpt":{"rendered":"<p>17 de noviembre hasta el 23 de diciembre de 2025 LEER ATENTAMENTE Y REALIZAR LOS 4 (CUATRO) PASOS QUE SE INDICAN A CONTINUACI\u00d3N: PASO 1: INSCRIPCI\u00d3N DIGITAL: INGRESAR AL SIGUIENTE ENLACE PREINSCRIPCIONES 2026-NIVEL SUPERIOR Y SEGUIR LOS PASOS QUE INDICA EL SISTEMA GESTI\u00d3N DE ESTUDIANTES, (DONDE DICE: C\u00d3DIGO INSTITUTO COLOCAR: EE0330389) AL FINAL IMPRIMIR LA &#8230; <a title=\"PREINSCRIPCI\u00d3N 2026 &#8211; NIVEL SUPERIOR\" class=\"read-more\" href=\"https:\/\/ensaltagracia-cba.infd.edu.ar\/sitio\/pre-inscripcion-2024-25\/\" aria-label=\"More on PREINSCRIPCI\u00d3N 2026 &#8211; NIVEL SUPERIOR\">[+]<\/a><\/p>\n","protected":false},"author":429,"featured_media":0,"parent":0,"menu_order":0,"comment_status":"closed","ping_status":"closed","template":"","meta":[],"acf":[],"_links":{"self":[{"href":"https:\/\/ensaltagracia-cba.infd.edu.ar\/sitio\/wp-json\/wp\/v2\/pages\/1913"}],"collection":[{"href":"https:\/\/ensaltagracia-cba.infd.edu.ar\/sitio\/wp-json\/wp\/v2\/pages"}],"about":[{"href":"https:\/\/ensaltagracia-cba.infd.edu.ar\/sitio\/wp-json\/wp\/v2\/types\/page"}],"author":[{"embeddable":true,"href":"https:\/\/ensaltagracia-cba.infd.edu.ar\/sitio\/wp-json\/wp\/v2\/users\/429"}],"replies":[{"embeddable":true,"href":"https:\/\/ensaltagracia-cba.infd.edu.ar\/sitio\/wp-json\/wp\/v2\/comments?post=1913"}],"version-history":[{"count":60,"href":"https:\/\/ensaltagracia-cba.infd.edu.ar\/sitio\/wp-json\/wp\/v2\/pages\/1913\/revisions"}],"predecessor-version":[{"id":2787,"href":"https:\/\/ensaltagracia-cba.infd.edu.ar\/sitio\/wp-json\/wp\/v2\/pages\/1913\/revisions\/2787"}],"wp:attachment":[{"href":"https:\/\/ensaltagracia-cba.infd.edu.ar\/sitio\/wp-json\/wp\/v2\/media?parent=1913"}],"curies":[{"name":"wp","href":"https:\/\/api.w.org\/{rel}","templated":true}]}}