{"id":286,"date":"2016-10-31T13:17:59","date_gmt":"2016-10-31T16:17:59","guid":{"rendered":"https:\/\/ensaltagracia-cba.infd.edu.ar\/sitio\/?page_id=286"},"modified":"2026-02-26T22:46:25","modified_gmt":"2026-02-27T01:46:25","slug":"inicio","status":"publish","type":"page","link":"https:\/\/ensaltagracia-cba.infd.edu.ar\/sitio\/","title":{"rendered":"Inicio"},"content":{"rendered":"<p><img decoding=\"async\" loading=\"lazy\" class=\"wp-image-1007 aligncenter\" src=\"https:\/\/ensaltagracia-cba.infd.edu.ar\/sitio\/wp-content\/uploads\/2020\/06\/Encabezado-ensag-1000x453.png\" alt=\"\" width=\"682\" height=\"309\" srcset=\"https:\/\/ensaltagracia-cba.infd.edu.ar\/sitio\/wp-content\/uploads\/2020\/06\/Encabezado-ensag-1000x453.png 1000w, https:\/\/ensaltagracia-cba.infd.edu.ar\/sitio\/wp-content\/uploads\/2020\/06\/Encabezado-ensag-768x348.png 768w, https:\/\/ensaltagracia-cba.infd.edu.ar\/sitio\/wp-content\/uploads\/2020\/06\/Encabezado-ensag.png 1195w\" sizes=\"(max-width: 682px) 100vw, 682px\" \/><\/p>\n<h1 style=\"text-align: center;\"><span style=\"color: #ff0000;\">ATENCI\u00d3N: EL CURSILLO DE INGRESO: <strong>\u201cSeminario de Ingreso al Nivel Superior (SIES)\u201d REPROGRAMA SU NICIO PARA EL <\/strong>3 DE MARZO DE 2026 <\/span><\/h1>\n<h1 style=\"text-align: center;\"><span style=\"color: #ff0000;\">HORA: 18:30<\/span><\/h1>\n<h1 style=\"text-align: center;\"><span style=\"color: #0000ff;\">PREINSCRIPCIONES 2026 NIVEL SUPERIOR<\/span><\/h1>\n<h2 style=\"text-align: center;\"><span style=\"color: #0000ff;\">17 de noviembre hasta el 23 de diciembre de 2025<\/span><\/h2>\n<h4 style=\"text-align: center;\">\u00a0<\/h4>\n<h4 style=\"text-align: center;\"><strong>AQU\u00cd<\/strong><\/h4>\n<p><img decoding=\"async\" loading=\"lazy\" class=\"wp-image-1684 aligncenter\" src=\"https:\/\/ensaltagracia-cba.infd.edu.ar\/sitio\/wp-content\/uploads\/2021\/12\/INDICACION-HACIA-ABAJO-MANO.jpg\" alt=\"\" width=\"48\" height=\"76\" \/><a href=\"https:\/\/ensaltagracia-cba.infd.edu.ar\/sitio\/pre-inscripcion-2024-25\/\"><br \/><img decoding=\"async\" loading=\"lazy\" class=\"wp-image-2727 aligncenter\" src=\"https:\/\/ensaltagracia-cba.infd.edu.ar\/sitio\/wp-content\/uploads\/2025\/10\/BOTON-PRE-INSCRIPCIONES2026.jpg\" alt=\"\" width=\"145\" height=\"125\" \/><br \/><\/a><\/p>\n<p>&nbsp;<\/p>\n<h1><img decoding=\"async\" loading=\"lazy\" class=\" wp-image-1928 alignleft\" src=\"https:\/\/ensaltagracia-cba.infd.edu.ar\/sitio\/wp-content\/uploads\/2022\/03\/Untitled-design.png\" alt=\"\" width=\"361\" height=\"403\" srcset=\"https:\/\/ensaltagracia-cba.infd.edu.ar\/sitio\/wp-content\/uploads\/2022\/03\/Untitled-design.png 809w, https:\/\/ensaltagracia-cba.infd.edu.ar\/sitio\/wp-content\/uploads\/2022\/03\/Untitled-design-768x858.png 768w\" sizes=\"(max-width: 361px) 100vw, 361px\" \/><\/h1>\n<h1>\u00bfESTAS PERDIDO?<\/h1>\n<h2>Desde ahora, en el men\u00fa de nuestra web, los estudiantes cuentan con una secci\u00f3n donde se engloban los enlaces a toda la informaci\u00f3n y tr\u00e1mites, para que puedan gestionarlos de manera organizada.\u00a0<\/h2>\n<h1>TODO ESO QUE BUSCAS<em>, <strong>BUSCALO EN GESTI\u00d3N ALUMNOS<\/strong><\/em><\/h1>\n<h3 style=\"text-align: center;\">\u00a1Comenzamos un nuevo ciclo lectivo!<img decoding=\"async\" loading=\"lazy\" class=\"size-medium wp-image-2431 aligncenter\" src=\"https:\/\/ensaltagracia-cba.infd.edu.ar\/sitio\/wp-content\/uploads\/2024\/04\/Fondos-aulas-virtuales-1000x563.png\" alt=\"\" width=\"1000\" height=\"563\" srcset=\"https:\/\/ensaltagracia-cba.infd.edu.ar\/sitio\/wp-content\/uploads\/2024\/04\/Fondos-aulas-virtuales-1000x563.png 1000w, https:\/\/ensaltagracia-cba.infd.edu.ar\/sitio\/wp-content\/uploads\/2024\/04\/Fondos-aulas-virtuales-1900x1069.png 1900w, https:\/\/ensaltagracia-cba.infd.edu.ar\/sitio\/wp-content\/uploads\/2024\/04\/Fondos-aulas-virtuales-768x432.png 768w, https:\/\/ensaltagracia-cba.infd.edu.ar\/sitio\/wp-content\/uploads\/2024\/04\/Fondos-aulas-virtuales-1536x864.png 1536w, https:\/\/ensaltagracia-cba.infd.edu.ar\/sitio\/wp-content\/uploads\/2024\/04\/Fondos-aulas-virtuales.png 1920w\" sizes=\"(max-width: 1000px) 100vw, 1000px\" \/><\/h3>\n<div id=\"metaslider-id-403\" style=\"width: 100%;\" class=\"ml-slider-3-33-0 metaslider metaslider-flex metaslider-403 ml-slider ms-theme-default\" role=\"region\" aria-roledescription=\"Slideshow\" aria-label=\"Slideshow\">\n    <div id=\"metaslider_container_403\">\n        <div id=\"metaslider_403\" class=\"flexslider\">\n            <ul aria-live=\"polite\" class=\"slides\">\n                <li style=\"display: block; width: 100%;\" class=\"slide-607 ms-image\" aria-roledescription=\"slide\" aria-label=\"slide-607\"><a href=\"https:\/\/mapa.infd.edu.ar\/\" target=\"_blank\"><img src=\"https:\/\/ensaltagracia-cba.infd.edu.ar\/sitio\/wp-content\/uploads\/2018\/06\/mapa_infd6-1100x200.png\" height=\"200\" width=\"1100\" alt=\"\" class=\"slider-403 slide-607\" title=\"mapa_infd6\" \/><\/a><\/li>\n                <li style=\"display: none; width: 100%;\" class=\"slide-609 ms-image\" aria-roledescription=\"slide\" aria-label=\"slide-609\"><a href=\"https:\/\/www.argentina.gob.ar\/educacion\/becas\" target=\"_blank\"><img src=\"https:\/\/ensaltagracia-cba.infd.edu.ar\/sitio\/wp-content\/uploads\/2018\/06\/becas7-1100x200.png\" height=\"200\" width=\"1100\" alt=\"\" class=\"slider-403 slide-609\" title=\"becas7\" \/><\/a><\/li>\n                <li style=\"display: none; width: 100%;\" class=\"slide-635 ms-image\" aria-roledescription=\"slide\" aria-label=\"slide-635\"><a href=\"https:\/\/www.argentina.gob.ar\/tema\/estudiar\/formacion-docencia\" target=\"_blank\"><img src=\"https:\/\/ensaltagracia-cba.infd.edu.ar\/sitio\/wp-content\/uploads\/2018\/06\/convocatorias_slide6-1-1100x200.png\" height=\"200\" width=\"1100\" alt=\"\" class=\"slider-403 slide-635\" title=\"convocatorias_slide6-1\" \/><\/a><\/li>\n            <\/ul>\n        <\/div>\n        \n    <\/div>\n<\/div>\n<p>&nbsp;<\/p>\n<h3>70 ANIVERSARIO 1950-2020<\/h3>\n<h3 style=\"text-align: center;\"><img decoding=\"async\" loading=\"lazy\" class=\"alignnone size-full wp-image-980\" src=\"https:\/\/ensaltagracia-cba.infd.edu.ar\/sitio\/wp-content\/uploads\/2020\/05\/COPY-COPY-cuaresma-1.png\" alt=\"\" width=\"851\" height=\"315\" srcset=\"https:\/\/ensaltagracia-cba.infd.edu.ar\/sitio\/wp-content\/uploads\/2020\/05\/COPY-COPY-cuaresma-1.png 851w, https:\/\/ensaltagracia-cba.infd.edu.ar\/sitio\/wp-content\/uploads\/2020\/05\/COPY-COPY-cuaresma-1-768x284.png 768w\" sizes=\"(max-width: 851px) 100vw, 851px\" \/><\/h3>\n<p>Con motivo del 70 aniversario de nuestra instituci\u00f3n, y en esta particularidad que nos traspasa,\u00a0nos encontramos en un festejo que esperemos cierre en un abrazo virtual.<\/p>\n<p>Hoy la escuela est\u00e1 de fiesta, y en este enlace podr\u00e1n compartir junto a nosotros el acto que estuvimos preparando, con otro escenario, pero no por eso menos emotivo.<\/p>\n<p><iframe loading=\"lazy\" src=\"https:\/\/www.youtube.com\/embed\/dASkQLTe2lg\" width=\"560\" height=\"315\" frameborder=\"0\" allowfullscreen=\"allowfullscreen\" data-mce-fragment=\"1\"><\/iframe><\/p>\n<p>Los invitamos a recorrer un largo camino&#8230; a ser parte de nuestra historia.<\/p>\n<p><iframe loading=\"lazy\" src=\"https:\/\/www.youtube.com\/embed\/pvNxDzsceg4\" width=\"560\" height=\"315\" frameborder=\"0\" allowfullscreen=\"allowfullscreen\"><\/iframe><\/p>\n<p>&#8230; somos noticia&#8230;<\/p>\n<p><iframe loading=\"lazy\" src=\"https:\/\/www.mixcloud.com\/widget\/iframe\/?hide_cover=1&amp;mini=1&amp;feed=%2FPunto11radio%2Fel-ensag-cumple-70-a%C3%B1os-andrea-camisassa-directora%2F\" width=\"100%\" height=\"60\" frameborder=\"0\"><\/iframe><\/p>\n<p>Algunos saludos&#8230;<\/p>\n<p>\u00bfQuer\u00e9s dejar tu saludo? Ingresa al facebook de nuestra cooperadora desde <a href=\"https:\/\/m.facebook.com\/TuCooperadoraENSAG\/\">este enlace<\/a><\/p>\n","protected":false},"excerpt":{"rendered":"<p>ATENCI\u00d3N: EL CURSILLO DE INGRESO: \u201cSeminario de Ingreso al Nivel Superior (SIES)\u201d REPROGRAMA SU NICIO PARA EL 3 DE MARZO DE 2026 HORA: 18:30 PREINSCRIPCIONES 2026 NIVEL SUPERIOR 17 de noviembre hasta el 23 de diciembre de 2025 \u00a0 AQU\u00cd &nbsp; \u00bfESTAS PERDIDO? Desde ahora, en el men\u00fa de nuestra web, los estudiantes cuentan con &#8230; <a title=\"Inicio\" class=\"read-more\" href=\"https:\/\/ensaltagracia-cba.infd.edu.ar\/sitio\/\" aria-label=\"More on Inicio\">[+]<\/a><\/p>\n","protected":false},"author":1,"featured_media":0,"parent":0,"menu_order":0,"comment_status":"closed","ping_status":"closed","template":"","meta":[],"acf":[],"_links":{"self":[{"href":"https:\/\/ensaltagracia-cba.infd.edu.ar\/sitio\/wp-json\/wp\/v2\/pages\/286"}],"collection":[{"href":"https:\/\/ensaltagracia-cba.infd.edu.ar\/sitio\/wp-json\/wp\/v2\/pages"}],"about":[{"href":"https:\/\/ensaltagracia-cba.infd.edu.ar\/sitio\/wp-json\/wp\/v2\/types\/page"}],"author":[{"embeddable":true,"href":"https:\/\/ensaltagracia-cba.infd.edu.ar\/sitio\/wp-json\/wp\/v2\/users\/1"}],"replies":[{"embeddable":true,"href":"https:\/\/ensaltagracia-cba.infd.edu.ar\/sitio\/wp-json\/wp\/v2\/comments?post=286"}],"version-history":[{"count":248,"href":"https:\/\/ensaltagracia-cba.infd.edu.ar\/sitio\/wp-json\/wp\/v2\/pages\/286\/revisions"}],"predecessor-version":[{"id":2791,"href":"https:\/\/ensaltagracia-cba.infd.edu.ar\/sitio\/wp-json\/wp\/v2\/pages\/286\/revisions\/2791"}],"wp:attachment":[{"href":"https:\/\/ensaltagracia-cba.infd.edu.ar\/sitio\/wp-json\/wp\/v2\/media?parent=286"}],"curies":[{"name":"wp","href":"https:\/\/api.w.org\/{rel}","templated":true}]}}