{"id":995,"date":"2020-06-03T00:00:02","date_gmt":"2020-06-03T03:00:02","guid":{"rendered":"https:\/\/ensaltagracia-cba.infd.edu.ar\/sitio\/?page_id=995"},"modified":"2021-06-04T17:50:43","modified_gmt":"2021-06-04T20:50:43","slug":"convocatorias","status":"publish","type":"page","link":"https:\/\/ensaltagracia-cba.infd.edu.ar\/sitio\/convocatorias\/","title":{"rendered":"CONVOCATORIAS"},"content":{"rendered":"<blockquote>\n<h4><strong><span style=\"color: #000000;\">CONVOCATORIA\u00a0<b>EXCEPCIONAL<\/b>\u00a0ABIERTA<\/span><\/strong><span style=\"color: #000000;\"><strong>\u00a02021<\/strong><\/span><\/h4>\n<\/blockquote>\n<p><span style=\"color: #000000;\">Leer Atentamente la\u00a0 <strong>RES. MINISTERIAL 194\/20 &#8211; 96\/21<\/strong>\u00a0, el <strong>INSTRUCTIVO DE INSCRIPCI\u00d3N y<\/strong> los criterios de evaluaci\u00f3n de la <strong>PROPUESTA PEDAG\u00d3GICA PARA LA VIRTUALIDAD <\/strong>que hallar\u00e1 en la p\u00e1gina de la<strong> D.G.E.S.<\/strong><\/span><\/p>\n<h3><strong><span style=\"color: #ff0000;\">PARA INSCRIBIRSE Y ACCEDER A LAS RESOLUCIONES E INSTRUCTIVOS<\/span><\/strong>\u00a0\u00a0<a href=\"http:\/\/dges-cba.edu.ar\/wp\/index.php\/convocatorias-a-horas-catedra-acceso-a-aspirantes\/\">INGRESE AQU\u00cd<\/a><\/h3>\n<p>&nbsp;<\/p>\n","protected":false},"excerpt":{"rendered":"<p>CONVOCATORIA\u00a0EXCEPCIONAL\u00a0ABIERTA\u00a02021 Leer Atentamente la\u00a0 RES. MINISTERIAL 194\/20 &#8211; 96\/21\u00a0, el INSTRUCTIVO DE INSCRIPCI\u00d3N y los criterios de evaluaci\u00f3n de la PROPUESTA PEDAG\u00d3GICA PARA LA VIRTUALIDAD que hallar\u00e1 en la p\u00e1gina de la D.G.E.S. PARA INSCRIBIRSE Y ACCEDER A LAS RESOLUCIONES E INSTRUCTIVOS\u00a0\u00a0INGRESE AQU\u00cd &nbsp;<\/p>\n","protected":false},"author":518,"featured_media":0,"parent":0,"menu_order":0,"comment_status":"closed","ping_status":"closed","template":"","meta":[],"acf":[],"_links":{"self":[{"href":"https:\/\/ensaltagracia-cba.infd.edu.ar\/sitio\/wp-json\/wp\/v2\/pages\/995"}],"collection":[{"href":"https:\/\/ensaltagracia-cba.infd.edu.ar\/sitio\/wp-json\/wp\/v2\/pages"}],"about":[{"href":"https:\/\/ensaltagracia-cba.infd.edu.ar\/sitio\/wp-json\/wp\/v2\/types\/page"}],"author":[{"embeddable":true,"href":"https:\/\/ensaltagracia-cba.infd.edu.ar\/sitio\/wp-json\/wp\/v2\/users\/518"}],"replies":[{"embeddable":true,"href":"https:\/\/ensaltagracia-cba.infd.edu.ar\/sitio\/wp-json\/wp\/v2\/comments?post=995"}],"version-history":[{"count":59,"href":"https:\/\/ensaltagracia-cba.infd.edu.ar\/sitio\/wp-json\/wp\/v2\/pages\/995\/revisions"}],"predecessor-version":[{"id":1545,"href":"https:\/\/ensaltagracia-cba.infd.edu.ar\/sitio\/wp-json\/wp\/v2\/pages\/995\/revisions\/1545"}],"wp:attachment":[{"href":"https:\/\/ensaltagracia-cba.infd.edu.ar\/sitio\/wp-json\/wp\/v2\/media?parent=995"}],"curies":[{"name":"wp","href":"https:\/\/api.w.org\/{rel}","templated":true}]}}